{"id":19363,"date":"2022-09-22T11:39:22","date_gmt":"2022-09-22T08:39:22","guid":{"rendered":"http:\/\/enkosis.com\/?page_id=19363"},"modified":"2022-09-22T13:37:33","modified_gmt":"2022-09-22T10:37:33","slug":"veichi","status":"publish","type":"page","link":"https:\/\/enkosis.com\/?page_id=19363","title":{"rendered":"VEICHI"},"content":{"rendered":"\t\t<div data-elementor-type=\"wp-page\" data-elementor-id=\"19363\" class=\"elementor elementor-19363\">\n\t\t\t\t\t\t<div class=\"elementor-inner\">\n\t\t\t\t<div class=\"elementor-section-wrap\">\n\t\t\t\t\t\t\t\t\t<section class=\"elementor-section elementor-top-section elementor-element elementor-element-434305d elementor-section-boxed elementor-section-height-default elementor-section-height-default sc_fly_static\" data-id=\"434305d\" data-element_type=\"section\">\n\t\t\t\t\t\t<div class=\"elementor-container elementor-column-gap-extended\">\n\t\t\t\t\t\t\t<div class=\"elementor-row\">\n\t\t\t\t\t<div class=\"elementor-column elementor-col-100 elementor-top-column elementor-element elementor-element-4f235c4 sc_inner_width_none sc_content_align_inherit sc_layouts_column_icons_position_left sc_fly_static\" data-id=\"4f235c4\" data-element_type=\"column\">\n\t\t\t<div class=\"elementor-column-wrap elementor-element-populated\">\n\t\t\t\t\t\t\t<div class=\"elementor-widget-wrap\">\n\t\t\t\t\t\t<div class=\"elementor-element elementor-element-7f9a6ae sc_fly_static elementor-widget elementor-widget-spacer\" data-id=\"7f9a6ae\" data-element_type=\"widget\" data-widget_type=\"spacer.default\">\n\t\t\t\t<div class=\"elementor-widget-container\">\n\t\t\t\t\t<div class=\"elementor-spacer\">\n\t\t\t<div class=\"elementor-spacer-inner\"><\/div>\n\t\t<\/div>\n\t\t\t\t<\/div>\n\t\t\t\t<\/div>\n\t\t\t\t\t\t<\/div>\n\t\t\t\t\t<\/div>\n\t\t<\/div>\n\t\t\t\t\t\t\t\t<\/div>\n\t\t\t\t\t<\/div>\n\t\t<\/section>\n\t\t\t\t<section class=\"elementor-section elementor-top-section elementor-element elementor-element-351be1b elementor-section-boxed elementor-section-height-default elementor-section-height-default sc_fly_static\" data-id=\"351be1b\" data-element_type=\"section\">\n\t\t\t\t\t\t<div class=\"elementor-container elementor-column-gap-extended\">\n\t\t\t\t\t\t\t<div class=\"elementor-row\">\n\t\t\t\t\t<div class=\"elementor-column elementor-col-25 elementor-top-column elementor-element elementor-element-8c05647 sc_inner_width_none sc_content_align_inherit sc_layouts_column_icons_position_left sc_fly_static\" data-id=\"8c05647\" data-element_type=\"column\">\n\t\t\t<div class=\"elementor-column-wrap elementor-element-populated\">\n\t\t\t\t\t\t\t<div class=\"elementor-widget-wrap\">\n\t\t\t\t\t\t<div class=\"elementor-element elementor-element-b898512 sc_fly_static elementor-widget elementor-widget-image\" data-id=\"b898512\" data-element_type=\"widget\" data-widget_type=\"image.default\">\n\t\t\t\t<div class=\"elementor-widget-container\">\n\t\t\t\t\t\t\t\t<div class=\"elementor-image\">\n\t\t\t\t\t\t\t\t\t<figure class=\"wp-caption\">\n\t\t\t\t\t\t\t\t\t\t<img loading=\"lazy\" decoding=\"async\" width=\"538\" height=\"335\" src=\"https:\/\/enkosis.com\/wp-content\/uploads\/2022\/09\/sd700-1.jpg\" class=\"attachment-medium_large size-medium_large\" alt=\"\" srcset=\"https:\/\/enkosis.com\/wp-content\/uploads\/2022\/09\/sd700-1.jpg 538w, https:\/\/enkosis.com\/wp-content\/uploads\/2022\/09\/sd700-1-300x187.jpg 300w, https:\/\/enkosis.com\/wp-content\/uploads\/2022\/09\/sd700-1-370x230.jpg 370w, https:\/\/enkosis.com\/wp-content\/uploads\/2022\/09\/sd700-1-410x255.jpg 410w\" sizes=\"auto, (max-width: 600px) 100vw, 538px\" \/>\t\t\t\t\t\t\t\t\t\t\t<figcaption class=\"widget-image-caption wp-caption-text\">SD700 Serisi<\/figcaption>\n\t\t\t\t\t\t\t\t\t\t<\/figure>\n\t\t\t\t\t\t\t\t<\/div>\n\t\t\t\t\t\t<\/div>\n\t\t\t\t<\/div>\n\t\t\t\t\t\t<\/div>\n\t\t\t\t\t<\/div>\n\t\t<\/div>\n\t\t\t\t<div class=\"elementor-column elementor-col-25 elementor-top-column elementor-element elementor-element-210bd1a sc_inner_width_none sc_content_align_inherit sc_layouts_column_icons_position_left sc_fly_static\" data-id=\"210bd1a\" data-element_type=\"column\">\n\t\t\t<div class=\"elementor-column-wrap elementor-element-populated\">\n\t\t\t\t\t\t\t<div class=\"elementor-widget-wrap\">\n\t\t\t\t\t\t<div class=\"elementor-element elementor-element-6a826b1 sc_fly_static elementor-widget elementor-widget-image\" data-id=\"6a826b1\" data-element_type=\"widget\" data-widget_type=\"image.default\">\n\t\t\t\t<div class=\"elementor-widget-container\">\n\t\t\t\t\t\t\t\t<div class=\"elementor-image\">\n\t\t\t\t\t\t\t\t\t<figure class=\"wp-caption\">\n\t\t\t\t\t\t\t\t\t\t<img loading=\"lazy\" decoding=\"async\" width=\"538\" height=\"335\" src=\"https:\/\/enkosis.com\/wp-content\/uploads\/2022\/09\/sd710-b-1.jpg\" class=\"attachment-medium_large size-medium_large\" alt=\"\" srcset=\"https:\/\/enkosis.com\/wp-content\/uploads\/2022\/09\/sd710-b-1.jpg 538w, https:\/\/enkosis.com\/wp-content\/uploads\/2022\/09\/sd710-b-1-300x187.jpg 300w, https:\/\/enkosis.com\/wp-content\/uploads\/2022\/09\/sd710-b-1-370x230.jpg 370w, https:\/\/enkosis.com\/wp-content\/uploads\/2022\/09\/sd710-b-1-410x255.jpg 410w\" sizes=\"auto, (max-width: 600px) 100vw, 538px\" \/>\t\t\t\t\t\t\t\t\t\t\t<figcaption class=\"widget-image-caption wp-caption-text\">SD710 Serisi<\/figcaption>\n\t\t\t\t\t\t\t\t\t\t<\/figure>\n\t\t\t\t\t\t\t\t<\/div>\n\t\t\t\t\t\t<\/div>\n\t\t\t\t<\/div>\n\t\t\t\t\t\t<\/div>\n\t\t\t\t\t<\/div>\n\t\t<\/div>\n\t\t\t\t<div class=\"elementor-column elementor-col-25 elementor-top-column elementor-element elementor-element-9221962 sc_inner_width_none sc_content_align_inherit sc_layouts_column_icons_position_left sc_fly_static\" data-id=\"9221962\" data-element_type=\"column\">\n\t\t\t<div class=\"elementor-column-wrap elementor-element-populated\">\n\t\t\t\t\t\t\t<div class=\"elementor-widget-wrap\">\n\t\t\t\t\t\t<div class=\"elementor-element elementor-element-9a5bfa7 sc_fly_static elementor-widget elementor-widget-image\" data-id=\"9a5bfa7\" data-element_type=\"widget\" data-widget_type=\"image.default\">\n\t\t\t\t<div class=\"elementor-widget-container\">\n\t\t\t\t\t\t\t\t<div class=\"elementor-image\">\n\t\t\t\t\t\t\t\t\t<figure class=\"wp-caption\">\n\t\t\t\t\t\t\t\t\t\t<img loading=\"lazy\" decoding=\"async\" width=\"538\" height=\"335\" src=\"https:\/\/enkosis.com\/wp-content\/uploads\/2022\/09\/v7e-b-1.jpg\" class=\"attachment-medium_large size-medium_large\" alt=\"\" srcset=\"https:\/\/enkosis.com\/wp-content\/uploads\/2022\/09\/v7e-b-1.jpg 538w, https:\/\/enkosis.com\/wp-content\/uploads\/2022\/09\/v7e-b-1-300x187.jpg 300w, https:\/\/enkosis.com\/wp-content\/uploads\/2022\/09\/v7e-b-1-370x230.jpg 370w, https:\/\/enkosis.com\/wp-content\/uploads\/2022\/09\/v7e-b-1-410x255.jpg 410w\" sizes=\"auto, (max-width: 600px) 100vw, 538px\" \/>\t\t\t\t\t\t\t\t\t\t\t<figcaption class=\"widget-image-caption wp-caption-text\">V7E Serisi<\/figcaption>\n\t\t\t\t\t\t\t\t\t\t<\/figure>\n\t\t\t\t\t\t\t\t<\/div>\n\t\t\t\t\t\t<\/div>\n\t\t\t\t<\/div>\n\t\t\t\t\t\t<\/div>\n\t\t\t\t\t<\/div>\n\t\t<\/div>\n\t\t\t\t<div class=\"elementor-column elementor-col-25 elementor-top-column elementor-element elementor-element-64bdc60 sc_inner_width_none sc_content_align_inherit sc_layouts_column_icons_position_left sc_fly_static\" data-id=\"64bdc60\" data-element_type=\"column\">\n\t\t\t<div class=\"elementor-column-wrap elementor-element-populated\">\n\t\t\t\t\t\t\t<div class=\"elementor-widget-wrap\">\n\t\t\t\t\t\t<div class=\"elementor-element elementor-element-5f379c1 sc_fly_static elementor-widget elementor-widget-image\" data-id=\"5f379c1\" data-element_type=\"widget\" data-widget_type=\"image.default\">\n\t\t\t\t<div class=\"elementor-widget-container\">\n\t\t\t\t\t\t\t\t<div class=\"elementor-image\">\n\t\t\t\t\t\t\t\t\t<figure class=\"wp-caption\">\n\t\t\t\t\t\t\t\t\t\t<img loading=\"lazy\" decoding=\"async\" width=\"538\" height=\"335\" src=\"https:\/\/enkosis.com\/wp-content\/uploads\/2022\/09\/vm7-1.jpg\" class=\"attachment-medium_large size-medium_large\" alt=\"\" srcset=\"https:\/\/enkosis.com\/wp-content\/uploads\/2022\/09\/vm7-1.jpg 538w, https:\/\/enkosis.com\/wp-content\/uploads\/2022\/09\/vm7-1-300x187.jpg 300w, https:\/\/enkosis.com\/wp-content\/uploads\/2022\/09\/vm7-1-370x230.jpg 370w, https:\/\/enkosis.com\/wp-content\/uploads\/2022\/09\/vm7-1-410x255.jpg 410w\" sizes=\"auto, (max-width: 600px) 100vw, 538px\" \/>\t\t\t\t\t\t\t\t\t\t\t<figcaption class=\"widget-image-caption wp-caption-text\">VM7  Serisi<\/figcaption>\n\t\t\t\t\t\t\t\t\t\t<\/figure>\n\t\t\t\t\t\t\t\t<\/div>\n\t\t\t\t\t\t<\/div>\n\t\t\t\t<\/div>\n\t\t\t\t\t\t<\/div>\n\t\t\t\t\t<\/div>\n\t\t<\/div>\n\t\t\t\t\t\t\t\t<\/div>\n\t\t\t\t\t<\/div>\n\t\t<\/section>\n\t\t\t\t<section class=\"elementor-section elementor-top-section elementor-element elementor-element-592b8d2 elementor-section-boxed elementor-section-height-default elementor-section-height-default sc_fly_static\" data-id=\"592b8d2\" data-element_type=\"section\">\n\t\t\t\t\t\t<div class=\"elementor-container elementor-column-gap-extended\">\n\t\t\t\t\t\t\t<div class=\"elementor-row\">\n\t\t\t\t\t<div class=\"elementor-column elementor-col-100 elementor-top-column elementor-element elementor-element-ae19f2a sc_inner_width_none sc_content_align_inherit sc_layouts_column_icons_position_left sc_fly_static\" data-id=\"ae19f2a\" data-element_type=\"column\">\n\t\t\t<div class=\"elementor-column-wrap elementor-element-populated\">\n\t\t\t\t\t\t\t<div class=\"elementor-widget-wrap\">\n\t\t\t\t\t\t<div class=\"elementor-element elementor-element-65df1ed sc_fly_static elementor-widget elementor-widget-spacer\" data-id=\"65df1ed\" data-element_type=\"widget\" data-widget_type=\"spacer.default\">\n\t\t\t\t<div class=\"elementor-widget-container\">\n\t\t\t\t\t<div class=\"elementor-spacer\">\n\t\t\t<div class=\"elementor-spacer-inner\"><\/div>\n\t\t<\/div>\n\t\t\t\t<\/div>\n\t\t\t\t<\/div>\n\t\t\t\t\t\t<\/div>\n\t\t\t\t\t<\/div>\n\t\t<\/div>\n\t\t\t\t\t\t\t\t<\/div>\n\t\t\t\t\t<\/div>\n\t\t<\/section>\n\t\t\t\t<section class=\"elementor-section elementor-top-section elementor-element elementor-element-51b0ad41 elementor-section-boxed elementor-section-height-default elementor-section-height-default sc_fly_static\" data-id=\"51b0ad41\" data-element_type=\"section\">\n\t\t\t\t\t\t<div class=\"elementor-container elementor-column-gap-extended\">\n\t\t\t\t\t\t\t<div class=\"elementor-row\">\n\t\t\t\t\t<div class=\"elementor-column elementor-col-33 elementor-top-column elementor-element elementor-element-354cf1b sc_inner_width_none sc_content_align_inherit sc_layouts_column_icons_position_left sc_fly_static\" data-id=\"354cf1b\" data-element_type=\"column\">\n\t\t\t<div class=\"elementor-column-wrap elementor-element-populated\">\n\t\t\t\t\t\t\t<div class=\"elementor-widget-wrap\">\n\t\t\t\t\t\t<div class=\"elementor-element elementor-element-5cc68a27 sc_fly_static elementor-widget elementor-widget-trx_sc_title\" data-id=\"5cc68a27\" data-element_type=\"widget\" data-widget_type=\"trx_sc_title.default\">\n\t\t\t\t<div class=\"elementor-widget-container\">\n\t\t\t<div\t\tclass=\"sc_title sc_title_default\" ><h1 class=\"sc_item_title sc_title_title sc_item_title_style_default sc_item_title_tag\"\n\t\t\t><span class=\"sc_item_title_text\">Servo Sistemler<\/span><\/h1><\/div>\t\t<\/div>\n\t\t\t\t<\/div>\n\t\t\t\t\t\t<\/div>\n\t\t\t\t\t<\/div>\n\t\t<\/div>\n\t\t\t\t<div class=\"elementor-column elementor-col-33 elementor-top-column elementor-element elementor-element-158df8c3 sc_inner_width_none sc_content_align_inherit sc_layouts_column_icons_position_left sc_fly_static\" data-id=\"158df8c3\" data-element_type=\"column\">\n\t\t\t<div class=\"elementor-column-wrap elementor-element-populated\">\n\t\t\t\t\t\t\t<div class=\"elementor-widget-wrap\">\n\t\t\t\t\t\t<div class=\"elementor-element elementor-element-14543983 sc_fly_static elementor-widget elementor-widget-toggle\" data-id=\"14543983\" data-element_type=\"widget\" data-widget_type=\"toggle.default\">\n\t\t\t\t<div class=\"elementor-widget-container\">\n\t\t\t\t\t<div class=\"elementor-toggle\" role=\"tablist\">\n\t\t\t\t\t\t\t<div class=\"elementor-toggle-item\">\n\t\t\t\t\t<h5 id=\"elementor-tab-title-3411\" class=\"elementor-tab-title\" data-tab=\"1\" role=\"tab\" aria-controls=\"elementor-tab-content-3411\" aria-expanded=\"false\">\n\t\t\t\t\t\t\t\t\t\t\t\t<span class=\"elementor-toggle-icon elementor-toggle-icon-right\" aria-hidden=\"true\">\n\t\t\t\t\t\t\t\t\t\t\t\t\t\t\t<span class=\"elementor-toggle-icon-closed\"><i class=\"fas fa-plus\"><\/i><\/span>\n\t\t\t\t\t\t\t\t<span class=\"elementor-toggle-icon-opened\"><i class=\"elementor-toggle-icon-opened fas fa-minus\"><\/i><\/span>\n\t\t\t\t\t\t\t\t\t\t\t\t\t<\/span>\n\t\t\t\t\t\t\t\t\t\t\t\t<a href=\"\" class=\"elementor-toggle-title\">SD700 Serisi Servo Sistem<\/a>\n\t\t\t\t\t<\/h5>\n\n\t\t\t\t\t<div id=\"elementor-tab-content-3411\" class=\"elementor-tab-content elementor-clearfix\" data-tab=\"1\" role=\"tabpanel\" aria-labelledby=\"elementor-tab-title-3411\"><p>\u2022 SD700 PA, SD700 SA, SD700 CA SD700 EA, SD700 MA, SD700 LA, SD700 FA;<\/p><p>\u2022 3KHz yan\u0131t bant geni\u015fli\u011fi;<\/p><p>\u2022 17bit, 23bit, 24bit kodlay\u0131c\u0131;<\/p><p>\u2022 Modbus, CANopen, EtherCAT, Profinet, MechatroLink II, MechatroLink III;<\/p><p>\u2022 ECAM; Tam kapal\u0131 d\u00f6ng\u00fc modeli; D\u00fc\u015f\u00fck frekansl\u0131 titre\u015fim bast\u0131rma;<\/p><p>\u2022 Robust kontrol; Otomatik ayarlamal\u0131 notch filltresi; AI ayar\u0131;<\/p><p>\u2022 H\u0131z g\u00f6zlemcisi; STO (iste\u011fe ba\u011fl\u0131);<\/p><p>\u2022 Voltaj: 1 Faz 220V, 3 Faz 220V &#8211; 400V;<\/p><p>\u2022 G\u00fc\u00e7: 0.1kW &#8211; 55kW, 250kW&#8217;a kadar \u00f6zelle\u015ftirilmi\u015f;<\/p><\/div>\n\t\t\t\t<\/div>\n\t\t\t\t\t\t\t<div class=\"elementor-toggle-item\">\n\t\t\t\t\t<h5 id=\"elementor-tab-title-3412\" class=\"elementor-tab-title\" data-tab=\"2\" role=\"tab\" aria-controls=\"elementor-tab-content-3412\" aria-expanded=\"false\">\n\t\t\t\t\t\t\t\t\t\t\t\t<span class=\"elementor-toggle-icon elementor-toggle-icon-right\" aria-hidden=\"true\">\n\t\t\t\t\t\t\t\t\t\t\t\t\t\t\t<span class=\"elementor-toggle-icon-closed\"><i class=\"fas fa-plus\"><\/i><\/span>\n\t\t\t\t\t\t\t\t<span class=\"elementor-toggle-icon-opened\"><i class=\"elementor-toggle-icon-opened fas fa-minus\"><\/i><\/span>\n\t\t\t\t\t\t\t\t\t\t\t\t\t<\/span>\n\t\t\t\t\t\t\t\t\t\t\t\t<a href=\"\" class=\"elementor-toggle-title\">SD710 Serisi Servo S\u00fcr\u00fcc\u00fc<\/a>\n\t\t\t\t\t<\/h5>\n\n\t\t\t\t\t<div id=\"elementor-tab-content-3412\" class=\"elementor-tab-content elementor-clearfix\" data-tab=\"2\" role=\"tabpanel\" aria-labelledby=\"elementor-tab-title-3412\"><p>\u2022 EtherCAT, RS-485, CANopen&#8217;\u0131 destekler;<\/p><p>\u2022 3KHz d\u00f6ng\u00fc yan\u0131t bant geni\u015fli\u011fi;;<\/p><p>\u2022 D\u00fc\u015f\u00fck frekans, orta frekans, y\u00fcksek frekans s\u00f6n\u00fcmleme;<\/p><p>\u2022 G\u00fc\u00e7l\u00fc PC yaz\u0131l\u0131m\u0131;<\/p><p>\u2022 Basit ve pratik se\u00e7im yaz\u0131l\u0131m\u0131;<\/p><p>\u2022 Debug tespiti ve \u00e7\u00f6z\u00fcm\u00fc kolay;<\/p><p>\u2022 Kurulumu kolay;<\/p><p>\u2022 Kitap \u00f6l\u00e7\u00fclerinde tasar\u0131m, kompakt boyut;<\/p><p>\u2022 G\u00fc\u00e7: 100W &#8211; 1kW;<\/p><\/div>\n\t\t\t\t<\/div>\n\t\t\t\t\t\t\t<div class=\"elementor-toggle-item\">\n\t\t\t\t\t<h5 id=\"elementor-tab-title-3413\" class=\"elementor-tab-title\" data-tab=\"3\" role=\"tab\" aria-controls=\"elementor-tab-content-3413\" aria-expanded=\"false\">\n\t\t\t\t\t\t\t\t\t\t\t\t<span class=\"elementor-toggle-icon elementor-toggle-icon-right\" aria-hidden=\"true\">\n\t\t\t\t\t\t\t\t\t\t\t\t\t\t\t<span class=\"elementor-toggle-icon-closed\"><i class=\"fas fa-plus\"><\/i><\/span>\n\t\t\t\t\t\t\t\t<span class=\"elementor-toggle-icon-opened\"><i class=\"elementor-toggle-icon-opened fas fa-minus\"><\/i><\/span>\n\t\t\t\t\t\t\t\t\t\t\t\t\t<\/span>\n\t\t\t\t\t\t\t\t\t\t\t\t<a href=\"\" class=\"elementor-toggle-title\">V7E Serisi Servo Motor<\/a>\n\t\t\t\t\t<\/h5>\n\n\t\t\t\t\t<div id=\"elementor-tab-content-3413\" class=\"elementor-tab-content elementor-clearfix\" data-tab=\"3\" role=\"tabpanel\" aria-labelledby=\"elementor-tab-title-3413\"><div class=\"FFpbKc\"><div class=\"FFpbKc\"><p>\u2022 Koruma seviyesi IP67;<\/p><p>\u2022 Daha y\u00fcksek motor do\u011frulu\u011fu;<\/p><p>\u2022 Daha k\u0131sa motor uzunlu\u011fu;<\/p><p>\u2022 Daha d\u00fc\u015f\u00fck motor s\u0131cakl\u0131k art\u0131\u015f\u0131;<\/p><p>\u2022 Kapsaml\u0131 motor g\u00fcc\u00fc aral\u0131\u011f\u0131;<\/p><p>\u2022 Basit kablo de\u011fi\u015fimi;<\/p><p>\u2022 Entegre ve \u015f\u0131k tasar\u0131m,\u00a0<\/p><p>\u2022 Daha y\u00fcksek enerji verimlili\u011fi,<\/p><p>\u2022 G\u00fc\u00e7: 100W &#8211; 7,5kW;<\/p><\/div><\/div><\/div>\n\t\t\t\t<\/div>\n\t\t\t\t\t\t\t<div class=\"elementor-toggle-item\">\n\t\t\t\t\t<h5 id=\"elementor-tab-title-3414\" class=\"elementor-tab-title\" data-tab=\"4\" role=\"tab\" aria-controls=\"elementor-tab-content-3414\" aria-expanded=\"false\">\n\t\t\t\t\t\t\t\t\t\t\t\t<span class=\"elementor-toggle-icon elementor-toggle-icon-right\" aria-hidden=\"true\">\n\t\t\t\t\t\t\t\t\t\t\t\t\t\t\t<span class=\"elementor-toggle-icon-closed\"><i class=\"fas fa-plus\"><\/i><\/span>\n\t\t\t\t\t\t\t\t<span class=\"elementor-toggle-icon-opened\"><i class=\"elementor-toggle-icon-opened fas fa-minus\"><\/i><\/span>\n\t\t\t\t\t\t\t\t\t\t\t\t\t<\/span>\n\t\t\t\t\t\t\t\t\t\t\t\t<a href=\"\" class=\"elementor-toggle-title\">VM7 Serisi Servo Motor<\/a>\n\t\t\t\t\t<\/h5>\n\n\t\t\t\t\t<div id=\"elementor-tab-content-3414\" class=\"elementor-tab-content elementor-clearfix\" data-tab=\"4\" role=\"tabpanel\" aria-labelledby=\"elementor-tab-title-3414\"><p>\u2022 6000 rpm&#8217;ye kadar y\u00fcksek h\u0131z;<\/p><p>\u2022 3-4 kat a\u015f\u0131r\u0131 y\u00fck kapasitesi;<\/p><p>\u2022 Ses en az %20 azalt\u0131lm\u0131\u015ft\u0131r,<\/p><p>\u2022 Koruma seviyesi IP67;<\/p><p>\u2022 17bit, 23bit, 24bit kodlay\u0131c\u0131;<\/p><p>\u2022 D\u00fc\u015f\u00fck atalet, Orta atalet, Y\u00fcksek atalet se\u00e7enekleri,<\/p><p>\u2022 Flan\u015f 40mm\uff5e260mm, \u00f6zelle\u015ftirilebilir y\u00fcksek flan\u015f,<\/p><p>\u2022 1500rpm, 2000rpm, 2500rpm, 3000rpm;<\/p><p>\u2022 0.1kW\uff5e55kW, ayr\u0131ca 250kW&#8217;a kadar \u00f6zelle\u015ftirilebilir;<\/p><\/div>\n\t\t\t\t<\/div>\n\t\t\t\t\t\t\t\t<\/div>\n\t\t\t\t<\/div>\n\t\t\t\t<\/div>\n\t\t\t\t\t\t<\/div>\n\t\t\t\t\t<\/div>\n\t\t<\/div>\n\t\t\t\t<div class=\"elementor-column elementor-col-33 elementor-top-column elementor-element elementor-element-3a69d120 sc_inner_width_none sc_content_align_inherit sc_layouts_column_icons_position_left sc_fly_static\" data-id=\"3a69d120\" data-element_type=\"column\">\n\t\t\t<div class=\"elementor-column-wrap\">\n\t\t\t\t\t\t\t<div class=\"elementor-widget-wrap\">\n\t\t\t\t\t\t\t\t<\/div>\n\t\t\t\t\t<\/div>\n\t\t<\/div>\n\t\t\t\t\t\t\t\t<\/div>\n\t\t\t\t\t<\/div>\n\t\t<\/section>\n\t\t\t\t<section class=\"elementor-section elementor-top-section elementor-element elementor-element-62a7431 elementor-section-boxed elementor-section-height-default elementor-section-height-default sc_fly_static\" data-id=\"62a7431\" data-element_type=\"section\">\n\t\t\t\t\t\t<div class=\"elementor-container elementor-column-gap-extended\">\n\t\t\t\t\t\t\t<div class=\"elementor-row\">\n\t\t\t\t\t<div class=\"elementor-column elementor-col-100 elementor-top-column elementor-element elementor-element-c38fc00 sc_inner_width_none sc_content_align_inherit sc_layouts_column_icons_position_left sc_fly_static\" data-id=\"c38fc00\" data-element_type=\"column\">\n\t\t\t<div class=\"elementor-column-wrap elementor-element-populated\">\n\t\t\t\t\t\t\t<div class=\"elementor-widget-wrap\">\n\t\t\t\t\t\t<div class=\"elementor-element elementor-element-c678a4c sc_fly_static elementor-widget elementor-widget-spacer\" data-id=\"c678a4c\" data-element_type=\"widget\" data-widget_type=\"spacer.default\">\n\t\t\t\t<div class=\"elementor-widget-container\">\n\t\t\t\t\t<div class=\"elementor-spacer\">\n\t\t\t<div class=\"elementor-spacer-inner\"><\/div>\n\t\t<\/div>\n\t\t\t\t<\/div>\n\t\t\t\t<\/div>\n\t\t\t\t\t\t<\/div>\n\t\t\t\t\t<\/div>\n\t\t<\/div>\n\t\t\t\t\t\t\t\t<\/div>\n\t\t\t\t\t<\/div>\n\t\t<\/section>\n\t\t\t\t\t\t\t\t\t<\/div>\n\t\t\t<\/div>\n\t\t\t\t\t<\/div>\n\t\t","protected":false},"excerpt":{"rendered":"<p>SD700 Serisi SD710 Serisi V7E Serisi VM7 Serisi Servo Sistemler SD700 Serisi Servo Sistem \u2022 SD700 PA, SD700 SA, SD700 CA SD700 EA, SD700 MA, SD700 LA, SD700 FA; \u2022&hellip;<\/p>\n","protected":false},"author":1,"featured_media":0,"parent":0,"menu_order":0,"comment_status":"closed","ping_status":"closed","template":"","meta":{"footnotes":""},"class_list":["post-19363","page","type-page","status-publish","hentry"],"_links":{"self":[{"href":"https:\/\/enkosis.com\/index.php?rest_route=\/wp\/v2\/pages\/19363","targetHints":{"allow":["GET"]}}],"collection":[{"href":"https:\/\/enkosis.com\/index.php?rest_route=\/wp\/v2\/pages"}],"about":[{"href":"https:\/\/enkosis.com\/index.php?rest_route=\/wp\/v2\/types\/page"}],"author":[{"embeddable":true,"href":"https:\/\/enkosis.com\/index.php?rest_route=\/wp\/v2\/users\/1"}],"replies":[{"embeddable":true,"href":"https:\/\/enkosis.com\/index.php?rest_route=%2Fwp%2Fv2%2Fcomments&post=19363"}],"version-history":[{"count":22,"href":"https:\/\/enkosis.com\/index.php?rest_route=\/wp\/v2\/pages\/19363\/revisions"}],"predecessor-version":[{"id":19392,"href":"https:\/\/enkosis.com\/index.php?rest_route=\/wp\/v2\/pages\/19363\/revisions\/19392"}],"wp:attachment":[{"href":"https:\/\/enkosis.com\/index.php?rest_route=%2Fwp%2Fv2%2Fmedia&parent=19363"}],"curies":[{"name":"wp","href":"https:\/\/api.w.org\/{rel}","templated":true}]}}