{"id":19393,"date":"2022-09-22T14:46:04","date_gmt":"2022-09-22T11:46:04","guid":{"rendered":"http:\/\/enkosis.com\/?page_id=19393"},"modified":"2022-09-23T18:38:37","modified_gmt":"2022-09-23T15:38:37","slug":"mean-well","status":"publish","type":"page","link":"https:\/\/enkosis.com\/?page_id=19393","title":{"rendered":"MEAN WELL"},"content":{"rendered":"\t\t<div data-elementor-type=\"wp-page\" data-elementor-id=\"19393\" class=\"elementor elementor-19393\">\n\t\t\t\t\t\t<div class=\"elementor-inner\">\n\t\t\t\t<div class=\"elementor-section-wrap\">\n\t\t\t\t\t\t\t\t\t<section class=\"elementor-section elementor-top-section elementor-element elementor-element-778e9ae elementor-section-boxed elementor-section-height-default elementor-section-height-default sc_fly_static\" data-id=\"778e9ae\" data-element_type=\"section\">\n\t\t\t\t\t\t<div class=\"elementor-container elementor-column-gap-extended\">\n\t\t\t\t\t\t\t<div class=\"elementor-row\">\n\t\t\t\t\t<div class=\"elementor-column elementor-col-100 elementor-top-column elementor-element elementor-element-e096bd6 sc_inner_width_none sc_content_align_inherit sc_layouts_column_icons_position_left sc_fly_static\" data-id=\"e096bd6\" data-element_type=\"column\">\n\t\t\t<div class=\"elementor-column-wrap elementor-element-populated\">\n\t\t\t\t\t\t\t<div class=\"elementor-widget-wrap\">\n\t\t\t\t\t\t<div class=\"elementor-element elementor-element-c834ea9 sc_fly_static elementor-widget elementor-widget-spacer\" data-id=\"c834ea9\" data-element_type=\"widget\" data-widget_type=\"spacer.default\">\n\t\t\t\t<div class=\"elementor-widget-container\">\n\t\t\t\t\t<div class=\"elementor-spacer\">\n\t\t\t<div class=\"elementor-spacer-inner\"><\/div>\n\t\t<\/div>\n\t\t\t\t<\/div>\n\t\t\t\t<\/div>\n\t\t\t\t\t\t<\/div>\n\t\t\t\t\t<\/div>\n\t\t<\/div>\n\t\t\t\t\t\t\t\t<\/div>\n\t\t\t\t\t<\/div>\n\t\t<\/section>\n\t\t\t\t<section class=\"elementor-section elementor-top-section elementor-element elementor-element-1ed5e14 elementor-section-boxed elementor-section-height-default elementor-section-height-default sc_fly_static\" data-id=\"1ed5e14\" data-element_type=\"section\">\n\t\t\t\t\t\t<div class=\"elementor-container elementor-column-gap-extended\">\n\t\t\t\t\t\t\t<div class=\"elementor-row\">\n\t\t\t\t\t<div class=\"elementor-column elementor-col-25 elementor-top-column elementor-element elementor-element-ed43121 sc_inner_width_none sc_content_align_inherit sc_layouts_column_icons_position_left sc_fly_static\" data-id=\"ed43121\" data-element_type=\"column\">\n\t\t\t<div class=\"elementor-column-wrap elementor-element-populated\">\n\t\t\t\t\t\t\t<div class=\"elementor-widget-wrap\">\n\t\t\t\t\t\t<div class=\"elementor-element elementor-element-c2d2a08 sc_fly_static elementor-widget elementor-widget-image\" data-id=\"c2d2a08\" data-element_type=\"widget\" data-widget_type=\"image.default\">\n\t\t\t\t<div class=\"elementor-widget-container\">\n\t\t\t\t\t\t\t\t<div class=\"elementor-image\">\n\t\t\t\t\t\t\t\t\t<figure class=\"wp-caption\">\n\t\t\t\t\t\t\t\t\t\t<img loading=\"lazy\" decoding=\"async\" width=\"538\" height=\"335\" src=\"https:\/\/enkosis.com\/wp-content\/uploads\/2022\/09\/LRS.jpg\" class=\"attachment-large size-large\" alt=\"\" srcset=\"https:\/\/enkosis.com\/wp-content\/uploads\/2022\/09\/LRS.jpg 538w, https:\/\/enkosis.com\/wp-content\/uploads\/2022\/09\/LRS-300x187.jpg 300w, https:\/\/enkosis.com\/wp-content\/uploads\/2022\/09\/LRS-370x230.jpg 370w, https:\/\/enkosis.com\/wp-content\/uploads\/2022\/09\/LRS-410x255.jpg 410w\" sizes=\"auto, (max-width: 600px) 100vw, 538px\" \/>\t\t\t\t\t\t\t\t\t\t\t<figcaption class=\"widget-image-caption wp-caption-text\">LRS Serisi<\/figcaption>\n\t\t\t\t\t\t\t\t\t\t<\/figure>\n\t\t\t\t\t\t\t\t<\/div>\n\t\t\t\t\t\t<\/div>\n\t\t\t\t<\/div>\n\t\t\t\t\t\t<\/div>\n\t\t\t\t\t<\/div>\n\t\t<\/div>\n\t\t\t\t<div class=\"elementor-column elementor-col-25 elementor-top-column elementor-element elementor-element-10931c3 sc_inner_width_none sc_content_align_inherit sc_layouts_column_icons_position_left sc_fly_static\" data-id=\"10931c3\" data-element_type=\"column\">\n\t\t\t<div class=\"elementor-column-wrap elementor-element-populated\">\n\t\t\t\t\t\t\t<div class=\"elementor-widget-wrap\">\n\t\t\t\t\t\t<div class=\"elementor-element elementor-element-230361a sc_fly_static elementor-widget elementor-widget-image\" data-id=\"230361a\" data-element_type=\"widget\" data-widget_type=\"image.default\">\n\t\t\t\t<div class=\"elementor-widget-container\">\n\t\t\t\t\t\t\t\t<div class=\"elementor-image\">\n\t\t\t\t\t\t\t\t\t<figure class=\"wp-caption\">\n\t\t\t\t\t\t\t\t\t\t<img loading=\"lazy\" decoding=\"async\" width=\"538\" height=\"335\" src=\"https:\/\/enkosis.com\/wp-content\/uploads\/2022\/09\/RSP.jpg\" class=\"attachment-large size-large\" alt=\"\" srcset=\"https:\/\/enkosis.com\/wp-content\/uploads\/2022\/09\/RSP.jpg 538w, https:\/\/enkosis.com\/wp-content\/uploads\/2022\/09\/RSP-300x187.jpg 300w, https:\/\/enkosis.com\/wp-content\/uploads\/2022\/09\/RSP-370x230.jpg 370w, https:\/\/enkosis.com\/wp-content\/uploads\/2022\/09\/RSP-410x255.jpg 410w\" sizes=\"auto, (max-width: 600px) 100vw, 538px\" \/>\t\t\t\t\t\t\t\t\t\t\t<figcaption class=\"widget-image-caption wp-caption-text\">RSP Serisi<\/figcaption>\n\t\t\t\t\t\t\t\t\t\t<\/figure>\n\t\t\t\t\t\t\t\t<\/div>\n\t\t\t\t\t\t<\/div>\n\t\t\t\t<\/div>\n\t\t\t\t\t\t<\/div>\n\t\t\t\t\t<\/div>\n\t\t<\/div>\n\t\t\t\t<div class=\"elementor-column elementor-col-25 elementor-top-column elementor-element elementor-element-23b2013 sc_inner_width_none sc_content_align_inherit sc_layouts_column_icons_position_left sc_fly_static\" data-id=\"23b2013\" data-element_type=\"column\">\n\t\t\t<div class=\"elementor-column-wrap elementor-element-populated\">\n\t\t\t\t\t\t\t<div class=\"elementor-widget-wrap\">\n\t\t\t\t\t\t<div class=\"elementor-element elementor-element-e36ddc6 sc_fly_static elementor-widget elementor-widget-image\" data-id=\"e36ddc6\" data-element_type=\"widget\" data-widget_type=\"image.default\">\n\t\t\t\t<div class=\"elementor-widget-container\">\n\t\t\t\t\t\t\t\t<div class=\"elementor-image\">\n\t\t\t\t\t\t\t\t\t<figure class=\"wp-caption\">\n\t\t\t\t\t\t\t\t\t\t<img loading=\"lazy\" decoding=\"async\" width=\"538\" height=\"335\" src=\"https:\/\/enkosis.com\/wp-content\/uploads\/2022\/09\/EDR.jpg\" class=\"attachment-large size-large\" alt=\"\" srcset=\"https:\/\/enkosis.com\/wp-content\/uploads\/2022\/09\/EDR.jpg 538w, https:\/\/enkosis.com\/wp-content\/uploads\/2022\/09\/EDR-300x187.jpg 300w, https:\/\/enkosis.com\/wp-content\/uploads\/2022\/09\/EDR-370x230.jpg 370w, https:\/\/enkosis.com\/wp-content\/uploads\/2022\/09\/EDR-410x255.jpg 410w\" sizes=\"auto, (max-width: 600px) 100vw, 538px\" \/>\t\t\t\t\t\t\t\t\t\t\t<figcaption class=\"widget-image-caption wp-caption-text\">EDR Serisi<\/figcaption>\n\t\t\t\t\t\t\t\t\t\t<\/figure>\n\t\t\t\t\t\t\t\t<\/div>\n\t\t\t\t\t\t<\/div>\n\t\t\t\t<\/div>\n\t\t\t\t\t\t<\/div>\n\t\t\t\t\t<\/div>\n\t\t<\/div>\n\t\t\t\t<div class=\"elementor-column elementor-col-25 elementor-top-column elementor-element elementor-element-043086d sc_inner_width_none sc_content_align_inherit sc_layouts_column_icons_position_left sc_fly_static\" data-id=\"043086d\" data-element_type=\"column\">\n\t\t\t<div class=\"elementor-column-wrap elementor-element-populated\">\n\t\t\t\t\t\t\t<div class=\"elementor-widget-wrap\">\n\t\t\t\t\t\t<div class=\"elementor-element elementor-element-07342f7 sc_fly_static elementor-widget elementor-widget-image\" data-id=\"07342f7\" data-element_type=\"widget\" data-widget_type=\"image.default\">\n\t\t\t\t<div class=\"elementor-widget-container\">\n\t\t\t\t\t\t\t\t<div class=\"elementor-image\">\n\t\t\t\t\t\t\t\t\t<figure class=\"wp-caption\">\n\t\t\t\t\t\t\t\t\t\t<img loading=\"lazy\" decoding=\"async\" width=\"538\" height=\"335\" src=\"https:\/\/enkosis.com\/wp-content\/uploads\/2022\/09\/MDR.jpg\" class=\"attachment-large size-large\" alt=\"\" srcset=\"https:\/\/enkosis.com\/wp-content\/uploads\/2022\/09\/MDR.jpg 538w, https:\/\/enkosis.com\/wp-content\/uploads\/2022\/09\/MDR-300x187.jpg 300w, https:\/\/enkosis.com\/wp-content\/uploads\/2022\/09\/MDR-370x230.jpg 370w, https:\/\/enkosis.com\/wp-content\/uploads\/2022\/09\/MDR-410x255.jpg 410w\" sizes=\"auto, (max-width: 600px) 100vw, 538px\" \/>\t\t\t\t\t\t\t\t\t\t\t<figcaption class=\"widget-image-caption wp-caption-text\">MDR Serisi<\/figcaption>\n\t\t\t\t\t\t\t\t\t\t<\/figure>\n\t\t\t\t\t\t\t\t<\/div>\n\t\t\t\t\t\t<\/div>\n\t\t\t\t<\/div>\n\t\t\t\t\t\t<\/div>\n\t\t\t\t\t<\/div>\n\t\t<\/div>\n\t\t\t\t\t\t\t\t<\/div>\n\t\t\t\t\t<\/div>\n\t\t<\/section>\n\t\t\t\t<section class=\"elementor-section elementor-top-section elementor-element elementor-element-b1cb3db elementor-section-boxed elementor-section-height-default elementor-section-height-default sc_fly_static\" data-id=\"b1cb3db\" data-element_type=\"section\">\n\t\t\t\t\t\t<div class=\"elementor-container elementor-column-gap-extended\">\n\t\t\t\t\t\t\t<div class=\"elementor-row\">\n\t\t\t\t\t<div class=\"elementor-column elementor-col-100 elementor-top-column elementor-element elementor-element-e15b2ac sc_inner_width_none sc_content_align_inherit sc_layouts_column_icons_position_left sc_fly_static\" data-id=\"e15b2ac\" data-element_type=\"column\">\n\t\t\t<div class=\"elementor-column-wrap elementor-element-populated\">\n\t\t\t\t\t\t\t<div class=\"elementor-widget-wrap\">\n\t\t\t\t\t\t<div class=\"elementor-element elementor-element-5e9aca1 sc_fly_static elementor-widget elementor-widget-spacer\" data-id=\"5e9aca1\" data-element_type=\"widget\" data-widget_type=\"spacer.default\">\n\t\t\t\t<div class=\"elementor-widget-container\">\n\t\t\t\t\t<div class=\"elementor-spacer\">\n\t\t\t<div class=\"elementor-spacer-inner\"><\/div>\n\t\t<\/div>\n\t\t\t\t<\/div>\n\t\t\t\t<\/div>\n\t\t\t\t\t\t<\/div>\n\t\t\t\t\t<\/div>\n\t\t<\/div>\n\t\t\t\t\t\t\t\t<\/div>\n\t\t\t\t\t<\/div>\n\t\t<\/section>\n\t\t\t\t<section class=\"elementor-section elementor-top-section elementor-element elementor-element-53608285 elementor-section-boxed elementor-section-height-default elementor-section-height-default sc_fly_static\" data-id=\"53608285\" data-element_type=\"section\">\n\t\t\t\t\t\t<div class=\"elementor-container elementor-column-gap-extended\">\n\t\t\t\t\t\t\t<div class=\"elementor-row\">\n\t\t\t\t\t<div class=\"elementor-column elementor-col-33 elementor-top-column elementor-element elementor-element-7f55435a sc_inner_width_none sc_content_align_inherit sc_layouts_column_icons_position_left sc_fly_static\" data-id=\"7f55435a\" data-element_type=\"column\">\n\t\t\t<div class=\"elementor-column-wrap elementor-element-populated\">\n\t\t\t\t\t\t\t<div class=\"elementor-widget-wrap\">\n\t\t\t\t\t\t<div class=\"elementor-element elementor-element-77ece35a sc_fly_static elementor-widget elementor-widget-trx_sc_title\" data-id=\"77ece35a\" data-element_type=\"widget\" data-widget_type=\"trx_sc_title.default\">\n\t\t\t\t<div class=\"elementor-widget-container\">\n\t\t\t<div\t\tclass=\"sc_title sc_title_default\" ><h1 class=\"sc_item_title sc_title_title sc_item_title_style_default sc_item_title_tag\"\n\t\t\t><span class=\"sc_item_title_text\">G\u00fc\u00e7 <br>Kaynaklar\u0131<\/span><\/h1><\/div>\t\t<\/div>\n\t\t\t\t<\/div>\n\t\t\t\t\t\t<\/div>\n\t\t\t\t\t<\/div>\n\t\t<\/div>\n\t\t\t\t<div class=\"elementor-column elementor-col-33 elementor-top-column elementor-element elementor-element-4f0dcc45 sc_inner_width_none sc_content_align_inherit sc_layouts_column_icons_position_left sc_fly_static\" data-id=\"4f0dcc45\" data-element_type=\"column\">\n\t\t\t<div class=\"elementor-column-wrap elementor-element-populated\">\n\t\t\t\t\t\t\t<div class=\"elementor-widget-wrap\">\n\t\t\t\t\t\t<div class=\"elementor-element elementor-element-276d9bb6 sc_fly_static elementor-widget elementor-widget-toggle\" data-id=\"276d9bb6\" data-element_type=\"widget\" data-widget_type=\"toggle.default\">\n\t\t\t\t<div class=\"elementor-widget-container\">\n\t\t\t\t\t<div class=\"elementor-toggle\" role=\"tablist\">\n\t\t\t\t\t\t\t<div class=\"elementor-toggle-item\">\n\t\t\t\t\t<h5 id=\"elementor-tab-title-6611\" class=\"elementor-tab-title\" data-tab=\"1\" role=\"tab\" aria-controls=\"elementor-tab-content-6611\" aria-expanded=\"false\">\n\t\t\t\t\t\t\t\t\t\t\t\t<span class=\"elementor-toggle-icon elementor-toggle-icon-right\" aria-hidden=\"true\">\n\t\t\t\t\t\t\t\t\t\t\t\t\t\t\t<span class=\"elementor-toggle-icon-closed\"><i class=\"fas fa-plus\"><\/i><\/span>\n\t\t\t\t\t\t\t\t<span class=\"elementor-toggle-icon-opened\"><i class=\"elementor-toggle-icon-opened fas fa-minus\"><\/i><\/span>\n\t\t\t\t\t\t\t\t\t\t\t\t\t<\/span>\n\t\t\t\t\t\t\t\t\t\t\t\t<a href=\"\" class=\"elementor-toggle-title\">LRS - RS Serisi<\/a>\n\t\t\t\t\t<\/h5>\n\n\t\t\t\t\t<div id=\"elementor-tab-content-6611\" class=\"elementor-tab-content elementor-clearfix\" data-tab=\"1\" role=\"tabpanel\" aria-labelledby=\"elementor-tab-title-6611\"><p>Watt :<br \/>&lt;LRS 35W~350W&gt; \/ &lt;RS 15W &#8211; 150W&gt;<\/p><p>\u00d6zellikler :<br \/>PFC olmayan, en ekonomik modeller<\/p><p>Ultra kompakt ve 1U d\u00fc\u015f\u00fck profil<\/p><p>300VAC giri\u015f dalgalanmas\u0131<\/p><p>Y\u00fcks\u00fcz g\u00fc\u00e7 t\u00fcketimi: 0,2W~0,75W<\/p><p>5G titre\u015fim, 70 \u2103 \u00e7al\u0131\u015fma<\/p><p>5000 metreye kadar \u00e7al\u0131\u015fma y\u00fcksekli\u011fi<\/p><p>Eksiksiz g\u00fcvenlik sertifikalar\u0131: IEC\/EN60335-1(PD3), IEC\/EN61558-1, -2-16; IEC\/EN\/UL62368-1 ve GB4943<\/p><p><br \/>Modeller:<br \/>LRS-35 \/ LRS-50 \/ LRS-75 \/ LRS-100 \/ LRS-150 \/ LRS-150F \/ LRS-200 \/ LRS-350 \/ RS-15\u00a0\/\u00a0RS-25\u00a0\/\u00a0RS-35\u00a0\/\u00a0RS-50\u00a0\/\u00a0RS-75\u00a0\/\u00a0RS-100\u00a0\/\u00a0RS-150<\/p><p>\u00a0<\/p><\/div>\n\t\t\t\t<\/div>\n\t\t\t\t\t\t\t<div class=\"elementor-toggle-item\">\n\t\t\t\t\t<h5 id=\"elementor-tab-title-6612\" class=\"elementor-tab-title\" data-tab=\"2\" role=\"tab\" aria-controls=\"elementor-tab-content-6612\" aria-expanded=\"false\">\n\t\t\t\t\t\t\t\t\t\t\t\t<span class=\"elementor-toggle-icon elementor-toggle-icon-right\" aria-hidden=\"true\">\n\t\t\t\t\t\t\t\t\t\t\t\t\t\t\t<span class=\"elementor-toggle-icon-closed\"><i class=\"fas fa-plus\"><\/i><\/span>\n\t\t\t\t\t\t\t\t<span class=\"elementor-toggle-icon-opened\"><i class=\"elementor-toggle-icon-opened fas fa-minus\"><\/i><\/span>\n\t\t\t\t\t\t\t\t\t\t\t\t\t<\/span>\n\t\t\t\t\t\t\t\t\t\t\t\t<a href=\"\" class=\"elementor-toggle-title\">RSP Serisi<\/a>\n\t\t\t\t\t<\/h5>\n\n\t\t\t\t\t<div id=\"elementor-tab-content-6612\" class=\"elementor-tab-content elementor-clearfix\" data-tab=\"2\" role=\"tabpanel\" aria-labelledby=\"elementor-tab-title-6612\"><p>Watt :<br \/>75W~500W<\/p><p>\u00d6zellikler :<\/p><p>1U Etkin PFC i\u015flevine sahip d\u00fc\u015f\u00fck profil: 75W~320W: 30 mm, 500W: 40,5 mm<\/p><p>Dahili sabit ak\u0131m s\u0131n\u0131rlama devresi (RSP-75\/100\/150)<\/p><p>Dahili uzaktan A\u00c7MA\/KAPAMA kontrol\u00fc (RSP-75\/100\/150\/500)<\/p><p>Dahili uzaktan alg\u0131lama (yaln\u0131zca RSP-500)<\/p><p><br \/>Modeller:<br \/>RSP-75\u00a0\/\u00a0RSP-100\u00a0\/\u00a0RSP-150\u00a0\/\u00a0RSP-200\u00a0\/\u00a0RSP-320\u00a0\/\u00a0RSP-500<\/p><\/div>\n\t\t\t\t<\/div>\n\t\t\t\t\t\t\t<div class=\"elementor-toggle-item\">\n\t\t\t\t\t<h5 id=\"elementor-tab-title-6613\" class=\"elementor-tab-title\" data-tab=\"3\" role=\"tab\" aria-controls=\"elementor-tab-content-6613\" aria-expanded=\"false\">\n\t\t\t\t\t\t\t\t\t\t\t\t<span class=\"elementor-toggle-icon elementor-toggle-icon-right\" aria-hidden=\"true\">\n\t\t\t\t\t\t\t\t\t\t\t\t\t\t\t<span class=\"elementor-toggle-icon-closed\"><i class=\"fas fa-plus\"><\/i><\/span>\n\t\t\t\t\t\t\t\t<span class=\"elementor-toggle-icon-opened\"><i class=\"elementor-toggle-icon-opened fas fa-minus\"><\/i><\/span>\n\t\t\t\t\t\t\t\t\t\t\t\t\t<\/span>\n\t\t\t\t\t\t\t\t\t\t\t\t<a href=\"\" class=\"elementor-toggle-title\">EDR Serisi<\/a>\n\t\t\t\t\t<\/h5>\n\n\t\t\t\t\t<div id=\"elementor-tab-content-6613\" class=\"elementor-tab-content elementor-clearfix\" data-tab=\"3\" role=\"tabpanel\" aria-labelledby=\"elementor-tab-title-6613\"><p>Watt :<br \/>75W~150W<\/p><p>\u00d6zellikler :<\/p><p>Metal kasa, d\u00fc\u015f\u00fck maliyetli<\/p><p>1\u2205, tam aral\u0131kl\u0131 giri\u015f<\/p><p>\u0130nce boyut, model geni\u015fli\u011fi: 32 ~ 40mm<\/p><p>EMC EN55022 s\u0131n\u0131f A<\/p><p>TS-35 \/ 7.5 veya 15 end\u00fcstriyel ray \u00fczerine monte edilir<\/p><p><br \/>Modeller:<br \/>EDR-75\u00a0\/\u00a0EDR-120\u00a0\/\u00a0EDR-150<\/p><p>\u00a0<\/p><\/div>\n\t\t\t\t<\/div>\n\t\t\t\t\t\t\t<div class=\"elementor-toggle-item\">\n\t\t\t\t\t<h5 id=\"elementor-tab-title-6614\" class=\"elementor-tab-title\" data-tab=\"4\" role=\"tab\" aria-controls=\"elementor-tab-content-6614\" aria-expanded=\"false\">\n\t\t\t\t\t\t\t\t\t\t\t\t<span class=\"elementor-toggle-icon elementor-toggle-icon-right\" aria-hidden=\"true\">\n\t\t\t\t\t\t\t\t\t\t\t\t\t\t\t<span class=\"elementor-toggle-icon-closed\"><i class=\"fas fa-plus\"><\/i><\/span>\n\t\t\t\t\t\t\t\t<span class=\"elementor-toggle-icon-opened\"><i class=\"elementor-toggle-icon-opened fas fa-minus\"><\/i><\/span>\n\t\t\t\t\t\t\t\t\t\t\t\t\t<\/span>\n\t\t\t\t\t\t\t\t\t\t\t\t<a href=\"\" class=\"elementor-toggle-title\">MDR Serisi<\/a>\n\t\t\t\t\t<\/h5>\n\n\t\t\t\t\t<div id=\"elementor-tab-content-6614\" class=\"elementor-tab-content elementor-clearfix\" data-tab=\"4\" role=\"tabpanel\" aria-labelledby=\"elementor-tab-title-6614\"><p>Watt :<br \/>10W~96W<\/p><p>\u00d6zellikler :<\/p><p>Plastik kasa, ultra ince<\/p><p>1\u2205, tam aral\u0131kl\u0131 giri\u015f<\/p><p>Y\u00fcks\u00fcz g\u00fc\u00e7 t\u00fcketimi&lt;0,75W~1W<\/p><p>TS-35 \/ 7.5 veya 15 end\u00fcstriyel ray \u00fczerine monte edilir<\/p><p>Dahili aktif PFC i\u015flevi<\/p><p>DC OK sinyal \u00e7\u0131k\u0131\u015f\u0131 (MDR-10\/20)<\/p><p>DC OK r\u00f6le konta\u011f\u0131 (MDR-40\/60\/100)<\/p><p>S\u0131n\u0131f I, B\u00f6l\u00fcm 2 Tehlikeli Konumlar T4 (MDR-40\/60)<\/p><p><br \/>Modeller:<br \/>MDR-10\u00a0\/\u00a0MDR-20\u00a0\/\u00a0MDR-40\u00a0\/\u00a0MDR-60\u00a0\/\u00a0MDR-100<\/p><p>\u00a0<\/p><\/div>\n\t\t\t\t<\/div>\n\t\t\t\t\t\t\t\t<\/div>\n\t\t\t\t<\/div>\n\t\t\t\t<\/div>\n\t\t\t\t\t\t<\/div>\n\t\t\t\t\t<\/div>\n\t\t<\/div>\n\t\t\t\t<div class=\"elementor-column elementor-col-33 elementor-top-column elementor-element elementor-element-761d3e77 sc_inner_width_none sc_content_align_inherit sc_layouts_column_icons_position_left sc_fly_static\" data-id=\"761d3e77\" data-element_type=\"column\">\n\t\t\t<div class=\"elementor-column-wrap\">\n\t\t\t\t\t\t\t<div class=\"elementor-widget-wrap\">\n\t\t\t\t\t\t\t\t<\/div>\n\t\t\t\t\t<\/div>\n\t\t<\/div>\n\t\t\t\t\t\t\t\t<\/div>\n\t\t\t\t\t<\/div>\n\t\t<\/section>\n\t\t\t\t<section class=\"elementor-section elementor-top-section elementor-element elementor-element-3cc49d0 elementor-section-boxed elementor-section-height-default elementor-section-height-default sc_fly_static\" data-id=\"3cc49d0\" data-element_type=\"section\">\n\t\t\t\t\t\t<div class=\"elementor-container elementor-column-gap-extended\">\n\t\t\t\t\t\t\t<div class=\"elementor-row\">\n\t\t\t\t\t<div class=\"elementor-column elementor-col-100 elementor-top-column elementor-element elementor-element-e3bda1c sc_inner_width_none sc_content_align_inherit sc_layouts_column_icons_position_left sc_fly_static\" data-id=\"e3bda1c\" data-element_type=\"column\">\n\t\t\t<div class=\"elementor-column-wrap elementor-element-populated\">\n\t\t\t\t\t\t\t<div class=\"elementor-widget-wrap\">\n\t\t\t\t\t\t<div class=\"elementor-element elementor-element-41fe233 sc_fly_static elementor-widget elementor-widget-spacer\" data-id=\"41fe233\" data-element_type=\"widget\" data-widget_type=\"spacer.default\">\n\t\t\t\t<div class=\"elementor-widget-container\">\n\t\t\t\t\t<div class=\"elementor-spacer\">\n\t\t\t<div class=\"elementor-spacer-inner\"><\/div>\n\t\t<\/div>\n\t\t\t\t<\/div>\n\t\t\t\t<\/div>\n\t\t\t\t\t\t<\/div>\n\t\t\t\t\t<\/div>\n\t\t<\/div>\n\t\t\t\t\t\t\t\t<\/div>\n\t\t\t\t\t<\/div>\n\t\t<\/section>\n\t\t\t\t\t\t\t\t\t<\/div>\n\t\t\t<\/div>\n\t\t\t\t\t<\/div>\n\t\t","protected":false},"excerpt":{"rendered":"<p>LRS Serisi RSP Serisi EDR Serisi MDR Serisi G\u00fc\u00e7 Kaynaklar\u0131 LRS &#8211; RS Serisi Watt :&lt;LRS 35W~350W&gt; \/ &lt;RS 15W &#8211; 150W&gt; \u00d6zellikler :PFC olmayan, en ekonomik modeller Ultra kompakt&hellip;<\/p>\n","protected":false},"author":1,"featured_media":0,"parent":0,"menu_order":0,"comment_status":"closed","ping_status":"closed","template":"","meta":{"footnotes":""},"class_list":["post-19393","page","type-page","status-publish","hentry"],"_links":{"self":[{"href":"https:\/\/enkosis.com\/index.php?rest_route=\/wp\/v2\/pages\/19393","targetHints":{"allow":["GET"]}}],"collection":[{"href":"https:\/\/enkosis.com\/index.php?rest_route=\/wp\/v2\/pages"}],"about":[{"href":"https:\/\/enkosis.com\/index.php?rest_route=\/wp\/v2\/types\/page"}],"author":[{"embeddable":true,"href":"https:\/\/enkosis.com\/index.php?rest_route=\/wp\/v2\/users\/1"}],"replies":[{"embeddable":true,"href":"https:\/\/enkosis.com\/index.php?rest_route=%2Fwp%2Fv2%2Fcomments&post=19393"}],"version-history":[{"count":19,"href":"https:\/\/enkosis.com\/index.php?rest_route=\/wp\/v2\/pages\/19393\/revisions"}],"predecessor-version":[{"id":19511,"href":"https:\/\/enkosis.com\/index.php?rest_route=\/wp\/v2\/pages\/19393\/revisions\/19511"}],"wp:attachment":[{"href":"https:\/\/enkosis.com\/index.php?rest_route=%2Fwp%2Fv2%2Fmedia&parent=19393"}],"curies":[{"name":"wp","href":"https:\/\/api.w.org\/{rel}","templated":true}]}}