{"id":19445,"date":"2022-09-23T09:24:27","date_gmt":"2022-09-23T06:24:27","guid":{"rendered":"http:\/\/enkosis.com\/?page_id=19445"},"modified":"2022-09-23T17:57:23","modified_gmt":"2022-09-23T14:57:23","slug":"panasonic","status":"publish","type":"page","link":"https:\/\/enkosis.com\/?page_id=19445","title":{"rendered":"PANASONIC"},"content":{"rendered":"\t\t<div data-elementor-type=\"wp-page\" data-elementor-id=\"19445\" class=\"elementor elementor-19445\">\n\t\t\t\t\t\t<div class=\"elementor-inner\">\n\t\t\t\t<div class=\"elementor-section-wrap\">\n\t\t\t\t\t\t\t\t\t<section class=\"elementor-section elementor-top-section elementor-element elementor-element-8a8632f elementor-section-boxed elementor-section-height-default elementor-section-height-default sc_fly_static\" data-id=\"8a8632f\" data-element_type=\"section\">\n\t\t\t\t\t\t<div class=\"elementor-container elementor-column-gap-extended\">\n\t\t\t\t\t\t\t<div class=\"elementor-row\">\n\t\t\t\t\t<div class=\"elementor-column elementor-col-100 elementor-top-column elementor-element elementor-element-cbdffcc sc_inner_width_none sc_content_align_inherit sc_layouts_column_icons_position_left sc_fly_static\" data-id=\"cbdffcc\" data-element_type=\"column\">\n\t\t\t<div class=\"elementor-column-wrap elementor-element-populated\">\n\t\t\t\t\t\t\t<div class=\"elementor-widget-wrap\">\n\t\t\t\t\t\t<div class=\"elementor-element elementor-element-ff49c7f sc_fly_static elementor-widget elementor-widget-spacer\" data-id=\"ff49c7f\" data-element_type=\"widget\" data-widget_type=\"spacer.default\">\n\t\t\t\t<div class=\"elementor-widget-container\">\n\t\t\t\t\t<div class=\"elementor-spacer\">\n\t\t\t<div class=\"elementor-spacer-inner\"><\/div>\n\t\t<\/div>\n\t\t\t\t<\/div>\n\t\t\t\t<\/div>\n\t\t\t\t\t\t<\/div>\n\t\t\t\t\t<\/div>\n\t\t<\/div>\n\t\t\t\t\t\t\t\t<\/div>\n\t\t\t\t\t<\/div>\n\t\t<\/section>\n\t\t\t\t<section class=\"elementor-section elementor-top-section elementor-element elementor-element-ab68aff elementor-section-boxed elementor-section-height-default elementor-section-height-default sc_fly_static\" data-id=\"ab68aff\" data-element_type=\"section\">\n\t\t\t\t\t\t<div class=\"elementor-container elementor-column-gap-extended\">\n\t\t\t\t\t\t\t<div class=\"elementor-row\">\n\t\t\t\t\t<div class=\"elementor-column elementor-col-25 elementor-top-column elementor-element elementor-element-0276c15 sc_inner_width_none sc_content_align_inherit sc_layouts_column_icons_position_left sc_fly_static\" data-id=\"0276c15\" data-element_type=\"column\">\n\t\t\t<div class=\"elementor-column-wrap elementor-element-populated\">\n\t\t\t\t\t\t\t<div class=\"elementor-widget-wrap\">\n\t\t\t\t\t\t<div class=\"elementor-element elementor-element-1934ab3 sc_fly_static elementor-widget elementor-widget-image\" data-id=\"1934ab3\" data-element_type=\"widget\" data-widget_type=\"image.default\">\n\t\t\t\t<div class=\"elementor-widget-container\">\n\t\t\t\t\t\t\t\t<div class=\"elementor-image\">\n\t\t\t\t\t\t\t\t\t<figure class=\"wp-caption\">\n\t\t\t\t\t\t\t\t\t\t<img loading=\"lazy\" decoding=\"async\" width=\"538\" height=\"335\" src=\"https:\/\/enkosis.com\/wp-content\/uploads\/2022\/09\/FP0H.jpg\" class=\"attachment-large size-large\" alt=\"\" srcset=\"https:\/\/enkosis.com\/wp-content\/uploads\/2022\/09\/FP0H.jpg 538w, https:\/\/enkosis.com\/wp-content\/uploads\/2022\/09\/FP0H-300x187.jpg 300w, https:\/\/enkosis.com\/wp-content\/uploads\/2022\/09\/FP0H-370x230.jpg 370w, https:\/\/enkosis.com\/wp-content\/uploads\/2022\/09\/FP0H-410x255.jpg 410w\" sizes=\"auto, (max-width: 600px) 100vw, 538px\" \/>\t\t\t\t\t\t\t\t\t\t\t<figcaption class=\"widget-image-caption wp-caption-text\">FP0H Serisi<\/figcaption>\n\t\t\t\t\t\t\t\t\t\t<\/figure>\n\t\t\t\t\t\t\t\t<\/div>\n\t\t\t\t\t\t<\/div>\n\t\t\t\t<\/div>\n\t\t\t\t\t\t<\/div>\n\t\t\t\t\t<\/div>\n\t\t<\/div>\n\t\t\t\t<div class=\"elementor-column elementor-col-25 elementor-top-column elementor-element elementor-element-b158b46 sc_inner_width_none sc_content_align_inherit sc_layouts_column_icons_position_left sc_fly_static\" data-id=\"b158b46\" data-element_type=\"column\">\n\t\t\t<div class=\"elementor-column-wrap elementor-element-populated\">\n\t\t\t\t\t\t\t<div class=\"elementor-widget-wrap\">\n\t\t\t\t\t\t<div class=\"elementor-element elementor-element-fed1000 sc_fly_static elementor-widget elementor-widget-image\" data-id=\"fed1000\" data-element_type=\"widget\" data-widget_type=\"image.default\">\n\t\t\t\t<div class=\"elementor-widget-container\">\n\t\t\t\t\t\t\t\t<div class=\"elementor-image\">\n\t\t\t\t\t\t\t\t\t<figure class=\"wp-caption\">\n\t\t\t\t\t\t\t\t\t\t<img loading=\"lazy\" decoding=\"async\" width=\"538\" height=\"335\" src=\"https:\/\/enkosis.com\/wp-content\/uploads\/2022\/09\/FP0R.jpg\" class=\"attachment-large size-large\" alt=\"\" srcset=\"https:\/\/enkosis.com\/wp-content\/uploads\/2022\/09\/FP0R.jpg 538w, https:\/\/enkosis.com\/wp-content\/uploads\/2022\/09\/FP0R-300x187.jpg 300w, https:\/\/enkosis.com\/wp-content\/uploads\/2022\/09\/FP0R-370x230.jpg 370w, https:\/\/enkosis.com\/wp-content\/uploads\/2022\/09\/FP0R-410x255.jpg 410w\" sizes=\"auto, (max-width: 600px) 100vw, 538px\" \/>\t\t\t\t\t\t\t\t\t\t\t<figcaption class=\"widget-image-caption wp-caption-text\">FP0R Serisi<\/figcaption>\n\t\t\t\t\t\t\t\t\t\t<\/figure>\n\t\t\t\t\t\t\t\t<\/div>\n\t\t\t\t\t\t<\/div>\n\t\t\t\t<\/div>\n\t\t\t\t\t\t<\/div>\n\t\t\t\t\t<\/div>\n\t\t<\/div>\n\t\t\t\t<div class=\"elementor-column elementor-col-25 elementor-top-column elementor-element elementor-element-a418365 sc_inner_width_none sc_content_align_inherit sc_layouts_column_icons_position_left sc_fly_static\" data-id=\"a418365\" data-element_type=\"column\">\n\t\t\t<div class=\"elementor-column-wrap elementor-element-populated\">\n\t\t\t\t\t\t\t<div class=\"elementor-widget-wrap\">\n\t\t\t\t\t\t<div class=\"elementor-element elementor-element-665093b sc_fly_static elementor-widget elementor-widget-image\" data-id=\"665093b\" data-element_type=\"widget\" data-widget_type=\"image.default\">\n\t\t\t\t<div class=\"elementor-widget-container\">\n\t\t\t\t\t\t\t\t<div class=\"elementor-image\">\n\t\t\t\t\t\t\t\t\t<figure class=\"wp-caption\">\n\t\t\t\t\t\t\t\t\t\t<img loading=\"lazy\" decoding=\"async\" width=\"538\" height=\"335\" src=\"https:\/\/enkosis.com\/wp-content\/uploads\/2022\/09\/FPXH_FPX0.jpg\" class=\"attachment-large size-large\" alt=\"\" srcset=\"https:\/\/enkosis.com\/wp-content\/uploads\/2022\/09\/FPXH_FPX0.jpg 538w, https:\/\/enkosis.com\/wp-content\/uploads\/2022\/09\/FPXH_FPX0-300x187.jpg 300w, https:\/\/enkosis.com\/wp-content\/uploads\/2022\/09\/FPXH_FPX0-370x230.jpg 370w, https:\/\/enkosis.com\/wp-content\/uploads\/2022\/09\/FPXH_FPX0-410x255.jpg 410w\" sizes=\"auto, (max-width: 600px) 100vw, 538px\" \/>\t\t\t\t\t\t\t\t\t\t\t<figcaption class=\"widget-image-caption wp-caption-text\">FPXH \/ FPX0 Serisi<\/figcaption>\n\t\t\t\t\t\t\t\t\t\t<\/figure>\n\t\t\t\t\t\t\t\t<\/div>\n\t\t\t\t\t\t<\/div>\n\t\t\t\t<\/div>\n\t\t\t\t\t\t<\/div>\n\t\t\t\t\t<\/div>\n\t\t<\/div>\n\t\t\t\t<div class=\"elementor-column elementor-col-25 elementor-top-column elementor-element elementor-element-da7e60a sc_inner_width_none sc_content_align_inherit sc_layouts_column_icons_position_left sc_fly_static\" data-id=\"da7e60a\" data-element_type=\"column\">\n\t\t\t<div class=\"elementor-column-wrap elementor-element-populated\">\n\t\t\t\t\t\t\t<div class=\"elementor-widget-wrap\">\n\t\t\t\t\t\t<div class=\"elementor-element elementor-element-62d4d97 sc_fly_static elementor-widget elementor-widget-image\" data-id=\"62d4d97\" data-element_type=\"widget\" data-widget_type=\"image.default\">\n\t\t\t\t<div class=\"elementor-widget-container\">\n\t\t\t\t\t\t\t\t<div class=\"elementor-image\">\n\t\t\t\t\t\t\t\t\t<figure class=\"wp-caption\">\n\t\t\t\t\t\t\t\t\t\t<img loading=\"lazy\" decoding=\"async\" width=\"538\" height=\"335\" src=\"https:\/\/enkosis.com\/wp-content\/uploads\/2022\/09\/FP7.jpg\" class=\"attachment-large size-large\" alt=\"\" srcset=\"https:\/\/enkosis.com\/wp-content\/uploads\/2022\/09\/FP7.jpg 538w, https:\/\/enkosis.com\/wp-content\/uploads\/2022\/09\/FP7-300x187.jpg 300w, https:\/\/enkosis.com\/wp-content\/uploads\/2022\/09\/FP7-370x230.jpg 370w, https:\/\/enkosis.com\/wp-content\/uploads\/2022\/09\/FP7-410x255.jpg 410w\" sizes=\"auto, (max-width: 600px) 100vw, 538px\" \/>\t\t\t\t\t\t\t\t\t\t\t<figcaption class=\"widget-image-caption wp-caption-text\">FP7 Serisi<\/figcaption>\n\t\t\t\t\t\t\t\t\t\t<\/figure>\n\t\t\t\t\t\t\t\t<\/div>\n\t\t\t\t\t\t<\/div>\n\t\t\t\t<\/div>\n\t\t\t\t\t\t<\/div>\n\t\t\t\t\t<\/div>\n\t\t<\/div>\n\t\t\t\t\t\t\t\t<\/div>\n\t\t\t\t\t<\/div>\n\t\t<\/section>\n\t\t\t\t<section class=\"elementor-section elementor-top-section elementor-element elementor-element-6c70b74 elementor-section-boxed elementor-section-height-default elementor-section-height-default sc_fly_static\" data-id=\"6c70b74\" data-element_type=\"section\">\n\t\t\t\t\t\t<div class=\"elementor-container elementor-column-gap-extended\">\n\t\t\t\t\t\t\t<div class=\"elementor-row\">\n\t\t\t\t\t<div class=\"elementor-column elementor-col-100 elementor-top-column elementor-element elementor-element-4d57f8b sc_inner_width_none sc_content_align_inherit sc_layouts_column_icons_position_left sc_fly_static\" data-id=\"4d57f8b\" data-element_type=\"column\">\n\t\t\t<div class=\"elementor-column-wrap elementor-element-populated\">\n\t\t\t\t\t\t\t<div class=\"elementor-widget-wrap\">\n\t\t\t\t\t\t<div class=\"elementor-element elementor-element-e29cfba sc_fly_static elementor-widget elementor-widget-spacer\" data-id=\"e29cfba\" data-element_type=\"widget\" data-widget_type=\"spacer.default\">\n\t\t\t\t<div class=\"elementor-widget-container\">\n\t\t\t\t\t<div class=\"elementor-spacer\">\n\t\t\t<div class=\"elementor-spacer-inner\"><\/div>\n\t\t<\/div>\n\t\t\t\t<\/div>\n\t\t\t\t<\/div>\n\t\t\t\t\t\t<\/div>\n\t\t\t\t\t<\/div>\n\t\t<\/div>\n\t\t\t\t\t\t\t\t<\/div>\n\t\t\t\t\t<\/div>\n\t\t<\/section>\n\t\t\t\t<section class=\"elementor-section elementor-top-section elementor-element elementor-element-1f4ea55d elementor-section-boxed elementor-section-height-default elementor-section-height-default sc_fly_static\" data-id=\"1f4ea55d\" data-element_type=\"section\">\n\t\t\t\t\t\t<div class=\"elementor-container elementor-column-gap-extended\">\n\t\t\t\t\t\t\t<div class=\"elementor-row\">\n\t\t\t\t\t<div class=\"elementor-column elementor-col-33 elementor-top-column elementor-element elementor-element-26cb0cd6 sc_inner_width_none sc_content_align_inherit sc_layouts_column_icons_position_left sc_fly_static\" data-id=\"26cb0cd6\" data-element_type=\"column\">\n\t\t\t<div class=\"elementor-column-wrap elementor-element-populated\">\n\t\t\t\t\t\t\t<div class=\"elementor-widget-wrap\">\n\t\t\t\t\t\t<div class=\"elementor-element elementor-element-5e39ba87 sc_fly_static elementor-widget elementor-widget-trx_sc_title\" data-id=\"5e39ba87\" data-element_type=\"widget\" data-widget_type=\"trx_sc_title.default\">\n\t\t\t\t<div class=\"elementor-widget-container\">\n\t\t\t<div\t\tclass=\"sc_title sc_title_default\" ><h1 class=\"sc_item_title sc_title_title sc_item_title_style_default sc_item_title_tag\"\n\t\t\t><span class=\"sc_item_title_text\">PLC \u00c7e\u015fitleri<\/span><\/h1><\/div>\t\t<\/div>\n\t\t\t\t<\/div>\n\t\t\t\t\t\t<\/div>\n\t\t\t\t\t<\/div>\n\t\t<\/div>\n\t\t\t\t<div class=\"elementor-column elementor-col-33 elementor-top-column elementor-element elementor-element-6c395a2f sc_inner_width_none sc_content_align_inherit sc_layouts_column_icons_position_left sc_fly_static\" data-id=\"6c395a2f\" data-element_type=\"column\">\n\t\t\t<div class=\"elementor-column-wrap elementor-element-populated\">\n\t\t\t\t\t\t\t<div class=\"elementor-widget-wrap\">\n\t\t\t\t\t\t<div class=\"elementor-element elementor-element-73e8e444 sc_fly_static elementor-widget elementor-widget-toggle\" data-id=\"73e8e444\" data-element_type=\"widget\" data-widget_type=\"toggle.default\">\n\t\t\t\t<div class=\"elementor-widget-container\">\n\t\t\t\t\t<div class=\"elementor-toggle\" role=\"tablist\">\n\t\t\t\t\t\t\t<div class=\"elementor-toggle-item\">\n\t\t\t\t\t<h5 id=\"elementor-tab-title-1941\" class=\"elementor-tab-title\" data-tab=\"1\" role=\"tab\" aria-controls=\"elementor-tab-content-1941\" aria-expanded=\"false\">\n\t\t\t\t\t\t\t\t\t\t\t\t<span class=\"elementor-toggle-icon elementor-toggle-icon-right\" aria-hidden=\"true\">\n\t\t\t\t\t\t\t\t\t\t\t\t\t\t\t<span class=\"elementor-toggle-icon-closed\"><i class=\"fas fa-plus\"><\/i><\/span>\n\t\t\t\t\t\t\t\t<span class=\"elementor-toggle-icon-opened\"><i class=\"elementor-toggle-icon-opened fas fa-minus\"><\/i><\/span>\n\t\t\t\t\t\t\t\t\t\t\t\t\t<\/span>\n\t\t\t\t\t\t\t\t\t\t\t\t<a href=\"\" class=\"elementor-toggle-title\"> FP0H Serisi<\/a>\n\t\t\t\t\t<\/h5>\n\n\t\t\t\t\t<div id=\"elementor-tab-content-1941\" class=\"elementor-tab-content elementor-clearfix\" data-tab=\"1\" role=\"tabpanel\" aria-labelledby=\"elementor-tab-title-1941\"><p>Yeni nesil, h\u0131zl\u0131 ve kullan\u0131m\u0131 kolay<\/p><p>\u00a0<\/p><ul><li>\u00c7ift ethernet portu<\/li><li>4 eksen pals \u00e7\u0131k\u0131\u015f\u0131<\/li><li>1 kanal RS232 ve 1 USB portu(Programlama)<\/li><li>FPG(Sigma) ve FP0 geni\u015fleme mod\u00fcllerini kullanabilme<\/li><li>10.000 stepe kadar 10 ns \u00e7evirme h\u0131z\u0131<\/li><li>Ethernet\/IP, Modbus-TCP MC protokol yap\u0131lar\u0131na uygun<\/li><li>\u0130htiyaca y\u00f6nelik haberle\u015fme kasedi takabilme (RS232, R8485)<\/li><li>Program kapasitesi maksimum 64.000 step<\/li><li>SD karta kay\u0131t alabilme<\/li><\/ul><\/div>\n\t\t\t\t<\/div>\n\t\t\t\t\t\t\t<div class=\"elementor-toggle-item\">\n\t\t\t\t\t<h5 id=\"elementor-tab-title-1942\" class=\"elementor-tab-title\" data-tab=\"2\" role=\"tab\" aria-controls=\"elementor-tab-content-1942\" aria-expanded=\"false\">\n\t\t\t\t\t\t\t\t\t\t\t\t<span class=\"elementor-toggle-icon elementor-toggle-icon-right\" aria-hidden=\"true\">\n\t\t\t\t\t\t\t\t\t\t\t\t\t\t\t<span class=\"elementor-toggle-icon-closed\"><i class=\"fas fa-plus\"><\/i><\/span>\n\t\t\t\t\t\t\t\t<span class=\"elementor-toggle-icon-opened\"><i class=\"elementor-toggle-icon-opened fas fa-minus\"><\/i><\/span>\n\t\t\t\t\t\t\t\t\t\t\t\t\t<\/span>\n\t\t\t\t\t\t\t\t\t\t\t\t<a href=\"\" class=\"elementor-toggle-title\">FP0R Serisi<\/a>\n\t\t\t\t\t<\/h5>\n\n\t\t\t\t\t<div id=\"elementor-tab-content-1942\" class=\"elementor-tab-content elementor-clearfix\" data-tab=\"2\" role=\"tabpanel\" aria-labelledby=\"elementor-tab-title-1942\"><p>Kompakt PLC\u2019de yeni standart. 32K Step\u2019e kadar geni\u015fleyen haf\u0131za. Standart USB portu. Modbus RTU protokol\u00fc.<\/p><ul><li>128 G\/\u00c7<\/li><li>32K Program Haf\u0131zas\u0131<\/li><li>0,08 mikrosaniye basit komut i\u015fleme s\u00fcresi<\/li><li>USB<\/li><li>RS232<\/li><\/ul><\/div>\n\t\t\t\t<\/div>\n\t\t\t\t\t\t\t<div class=\"elementor-toggle-item\">\n\t\t\t\t\t<h5 id=\"elementor-tab-title-1943\" class=\"elementor-tab-title\" data-tab=\"3\" role=\"tab\" aria-controls=\"elementor-tab-content-1943\" aria-expanded=\"false\">\n\t\t\t\t\t\t\t\t\t\t\t\t<span class=\"elementor-toggle-icon elementor-toggle-icon-right\" aria-hidden=\"true\">\n\t\t\t\t\t\t\t\t\t\t\t\t\t\t\t<span class=\"elementor-toggle-icon-closed\"><i class=\"fas fa-plus\"><\/i><\/span>\n\t\t\t\t\t\t\t\t<span class=\"elementor-toggle-icon-opened\"><i class=\"elementor-toggle-icon-opened fas fa-minus\"><\/i><\/span>\n\t\t\t\t\t\t\t\t\t\t\t\t\t<\/span>\n\t\t\t\t\t\t\t\t\t\t\t\t<a href=\"\" class=\"elementor-toggle-title\">FPXH \/ FPX0 Serisi<\/a>\n\t\t\t\t\t<\/h5>\n\n\t\t\t\t\t<div id=\"elementor-tab-content-1943\" class=\"elementor-tab-content elementor-clearfix\" data-tab=\"3\" role=\"tabpanel\" aria-labelledby=\"elementor-tab-title-1943\"><p>\u00dcst\u00fcn performans ve m\u00fckemmel i\u015flevsellik<\/p><p>Y\u00fcksek h\u0131zl\u0131 \u00e7al\u0131\u015fma<br \/>&gt; Temel komutlar: 0.04\u03bcs\/ad\u0131m (7k ad\u0131ma kadar)<br \/>&gt; \u00dcst d\u00fczey talimatlar: 0.22\u03bcs\/ad\u0131m (7k ad\u0131ma kadar)<br \/>&gt; Geleneksel modellerden 8 kat daha h\u0131zl\u0131<\/p><p>B\u00fcy\u00fck program kapasitesi<br \/>&gt; 40k ad\u0131ma kadar (C14 i\u00e7in: 16k ad\u0131m)<br \/>&gt; 24k \/ 32k \/ 40k ad\u0131m (yap\u0131land\u0131r\u0131labilir)<\/p><p>FP0R geni\u015fletme \u00fcniteleri ile 382 giri\u015f\/\u00e7\u0131k\u0131\u015fa geni\u015fletilebilir<br \/>&gt; Bir kontrol \u00fcnitesi 8 adede kadar geni\u015fletme \u00fcnitesi ile geni\u015fletilebilir<br \/>&gt; Maks. giri\u015f\/\u00e7\u0131k\u0131\u015f say\u0131s\u0131: 300 (FP0R geni\u015fletme \u00fcniteleri ve ek kasetler kullan\u0131l\u0131rken 382 giri\u015f\/\u00e7\u0131k\u0131\u015f)<br \/>&gt; 4 adede kadar ek kaset eklenebilir (C30, C60 i\u00e7in)<\/p><p>A\u011f<br \/>&gt; \u0130leti\u015fim portu: Maks. 5 kanal<br \/>2 ileti\u015fim kaseti (2 kanal tipi) ve TOOL portu dahil olmak \u00fczere 5 kanala kadar destek.<\/p><p>&gt; Modbus-RTU ile uyumlu<br \/>Modbus-RTU ana \/ ba\u011f\u0131ml\u0131 i\u015flevi<\/p><p>&gt; PLC Ba\u011flant\u0131s\u0131<br \/>Bit verileri ve word verileri, FP-XH ile ba\u011flant\u0131 yoluyla (16 birime kadar) payla\u015f\u0131labilir (ba\u011flanabilir).<\/p><\/div>\n\t\t\t\t<\/div>\n\t\t\t\t\t\t\t<div class=\"elementor-toggle-item\">\n\t\t\t\t\t<h5 id=\"elementor-tab-title-1944\" class=\"elementor-tab-title\" data-tab=\"4\" role=\"tab\" aria-controls=\"elementor-tab-content-1944\" aria-expanded=\"false\">\n\t\t\t\t\t\t\t\t\t\t\t\t<span class=\"elementor-toggle-icon elementor-toggle-icon-right\" aria-hidden=\"true\">\n\t\t\t\t\t\t\t\t\t\t\t\t\t\t\t<span class=\"elementor-toggle-icon-closed\"><i class=\"fas fa-plus\"><\/i><\/span>\n\t\t\t\t\t\t\t\t<span class=\"elementor-toggle-icon-opened\"><i class=\"elementor-toggle-icon-opened fas fa-minus\"><\/i><\/span>\n\t\t\t\t\t\t\t\t\t\t\t\t\t<\/span>\n\t\t\t\t\t\t\t\t\t\t\t\t<a href=\"\" class=\"elementor-toggle-title\">FP7 Serisi<\/a>\n\t\t\t\t\t<\/h5>\n\n\t\t\t\t\t<div id=\"elementor-tab-content-1944\" class=\"elementor-tab-content elementor-clearfix\" data-tab=\"4\" role=\"tabpanel\" aria-labelledby=\"elementor-tab-title-1944\"><p>1.\u00a0 \u0130\u015flev, kaset ara y\u00fcz\u00fc ile kolayca geni\u015fletilir.<br \/>\u00dcnitenin geni\u015fli\u011fini art\u0131rmadan fonksiyon geni\u015fletmesi m\u00fcmk\u00fcnd\u00fcr.<br \/>Kasetler, seri ileti\u015fim, Ethernet ileti\u015fimi ve \u00e7e\u015fitli analog giri\u015f ve \u00e7\u0131k\u0131\u015flar i\u00e7in RS232C, RS422 ve RS485&#8217;i destekler.<\/p><p>2. 32 GB&#8217;a kadar y\u00fcksek kapasiteli SD (SDHC) bellek kartlar\u0131 desteklenir.<br \/>G\u00fcnl\u00fck verileri i\u00e7in b\u00fcy\u00fck depolama sa\u011flar<br \/>*AFP7CPS21 hari\u00e7<\/p><p>3. Y\u00fcksek performans<br \/>60 k ad\u0131mlarla 20 \u03bcs veya daha az tarama s\u00fcreleri ve 1 ms&#8217;lik minimum y\u00fcr\u00fctme s\u00fcreleri. Sistem, s\u0131k Ethernet ileti\u015fiminin i\u015flem h\u0131z\u0131 \u00fczerinde neredeyse hi\u00e7bir etkisi olmayacak \u015fekilde tasarlanm\u0131\u015ft\u0131r.<\/p><p>4. T\u00fcm ileti\u015fim portlar\u0131 g\u00fcvenli bir \u015fekilde izole edilmi\u015ftir<br \/>Herhangi bir ba\u011flant\u0131 noktas\u0131n\u0131 g\u00fcvenle kullan\u0131n &#8211; RS422 \/ RS485 ve LAN ba\u011flant\u0131 noktalar\u0131n\u0131n yan\u0131 s\u0131ra USB ve RS232C ba\u011flant\u0131 noktalar\u0131 &#8211; her biri yal\u0131t\u0131lm\u0131\u015ft\u0131r.<\/p><p>5. Y\u00fcksek fonksiyon t\u00fcrleri, art\u0131r\u0131lm\u0131\u015f g\u00fcvenlik (\u015fifreleme) mevcuttur.<br \/>*\u00c7in&#8217;e ihracat yaparken l\u00fctfen \u015fifreleme i\u015flevi olmayan bir CPU kullan\u0131n.<\/p><\/div>\n\t\t\t\t<\/div>\n\t\t\t\t\t\t\t\t<\/div>\n\t\t\t\t<\/div>\n\t\t\t\t<\/div>\n\t\t\t\t\t\t<\/div>\n\t\t\t\t\t<\/div>\n\t\t<\/div>\n\t\t\t\t<div class=\"elementor-column elementor-col-33 elementor-top-column elementor-element elementor-element-67549842 sc_inner_width_none sc_content_align_inherit sc_layouts_column_icons_position_left sc_fly_static\" data-id=\"67549842\" data-element_type=\"column\">\n\t\t\t<div class=\"elementor-column-wrap\">\n\t\t\t\t\t\t\t<div class=\"elementor-widget-wrap\">\n\t\t\t\t\t\t\t\t<\/div>\n\t\t\t\t\t<\/div>\n\t\t<\/div>\n\t\t\t\t\t\t\t\t<\/div>\n\t\t\t\t\t<\/div>\n\t\t<\/section>\n\t\t\t\t<section class=\"elementor-section elementor-top-section elementor-element elementor-element-347ea29 elementor-section-boxed elementor-section-height-default elementor-section-height-default sc_fly_static\" data-id=\"347ea29\" data-element_type=\"section\">\n\t\t\t\t\t\t<div class=\"elementor-container elementor-column-gap-extended\">\n\t\t\t\t\t\t\t<div class=\"elementor-row\">\n\t\t\t\t\t<div class=\"elementor-column elementor-col-100 elementor-top-column elementor-element elementor-element-d503818 sc_inner_width_none sc_content_align_inherit sc_layouts_column_icons_position_left sc_fly_static\" data-id=\"d503818\" data-element_type=\"column\">\n\t\t\t<div class=\"elementor-column-wrap elementor-element-populated\">\n\t\t\t\t\t\t\t<div class=\"elementor-widget-wrap\">\n\t\t\t\t\t\t<div class=\"elementor-element elementor-element-42a1d94 sc_fly_static elementor-widget elementor-widget-spacer\" data-id=\"42a1d94\" data-element_type=\"widget\" data-widget_type=\"spacer.default\">\n\t\t\t\t<div class=\"elementor-widget-container\">\n\t\t\t\t\t<div class=\"elementor-spacer\">\n\t\t\t<div class=\"elementor-spacer-inner\"><\/div>\n\t\t<\/div>\n\t\t\t\t<\/div>\n\t\t\t\t<\/div>\n\t\t\t\t\t\t<\/div>\n\t\t\t\t\t<\/div>\n\t\t<\/div>\n\t\t\t\t\t\t\t\t<\/div>\n\t\t\t\t\t<\/div>\n\t\t<\/section>\n\t\t\t\t\t\t\t\t\t<\/div>\n\t\t\t<\/div>\n\t\t\t\t\t<\/div>\n\t\t","protected":false},"excerpt":{"rendered":"<p>FP0H Serisi FP0R Serisi FPXH \/ FPX0 Serisi FP7 Serisi PLC \u00c7e\u015fitleri FP0H Serisi Yeni nesil, h\u0131zl\u0131 ve kullan\u0131m\u0131 kolay \u00a0 \u00c7ift ethernet portu 4 eksen pals \u00e7\u0131k\u0131\u015f\u0131 1 kanal&hellip;<\/p>\n","protected":false},"author":1,"featured_media":0,"parent":0,"menu_order":0,"comment_status":"closed","ping_status":"closed","template":"","meta":{"footnotes":""},"class_list":["post-19445","page","type-page","status-publish","hentry"],"_links":{"self":[{"href":"https:\/\/enkosis.com\/index.php?rest_route=\/wp\/v2\/pages\/19445","targetHints":{"allow":["GET"]}}],"collection":[{"href":"https:\/\/enkosis.com\/index.php?rest_route=\/wp\/v2\/pages"}],"about":[{"href":"https:\/\/enkosis.com\/index.php?rest_route=\/wp\/v2\/types\/page"}],"author":[{"embeddable":true,"href":"https:\/\/enkosis.com\/index.php?rest_route=\/wp\/v2\/users\/1"}],"replies":[{"embeddable":true,"href":"https:\/\/enkosis.com\/index.php?rest_route=%2Fwp%2Fv2%2Fcomments&post=19445"}],"version-history":[{"count":13,"href":"https:\/\/enkosis.com\/index.php?rest_route=\/wp\/v2\/pages\/19445\/revisions"}],"predecessor-version":[{"id":19503,"href":"https:\/\/enkosis.com\/index.php?rest_route=\/wp\/v2\/pages\/19445\/revisions\/19503"}],"wp:attachment":[{"href":"https:\/\/enkosis.com\/index.php?rest_route=%2Fwp%2Fv2%2Fmedia&parent=19445"}],"curies":[{"name":"wp","href":"https:\/\/api.w.org\/{rel}","templated":true}]}}