{"id":19473,"date":"2022-09-23T12:02:39","date_gmt":"2022-09-23T09:02:39","guid":{"rendered":"http:\/\/enkosis.com\/?page_id=19473"},"modified":"2022-09-23T18:13:01","modified_gmt":"2022-09-23T15:13:01","slug":"weintek","status":"publish","type":"page","link":"https:\/\/enkosis.com\/?page_id=19473","title":{"rendered":"WEINTEK"},"content":{"rendered":"\t\t<div data-elementor-type=\"wp-page\" data-elementor-id=\"19473\" class=\"elementor elementor-19473\">\n\t\t\t\t\t\t<div class=\"elementor-inner\">\n\t\t\t\t<div class=\"elementor-section-wrap\">\n\t\t\t\t\t\t\t\t\t<section class=\"elementor-section elementor-top-section elementor-element elementor-element-086c883 elementor-section-boxed elementor-section-height-default elementor-section-height-default sc_fly_static\" data-id=\"086c883\" data-element_type=\"section\">\n\t\t\t\t\t\t<div class=\"elementor-container elementor-column-gap-extended\">\n\t\t\t\t\t\t\t<div class=\"elementor-row\">\n\t\t\t\t\t<div class=\"elementor-column elementor-col-100 elementor-top-column elementor-element elementor-element-d743cde sc_inner_width_none sc_content_align_inherit sc_layouts_column_icons_position_left sc_fly_static\" data-id=\"d743cde\" data-element_type=\"column\">\n\t\t\t<div class=\"elementor-column-wrap elementor-element-populated\">\n\t\t\t\t\t\t\t<div class=\"elementor-widget-wrap\">\n\t\t\t\t\t\t<div class=\"elementor-element elementor-element-58874d0 sc_fly_static elementor-widget elementor-widget-spacer\" data-id=\"58874d0\" data-element_type=\"widget\" data-widget_type=\"spacer.default\">\n\t\t\t\t<div class=\"elementor-widget-container\">\n\t\t\t\t\t<div class=\"elementor-spacer\">\n\t\t\t<div class=\"elementor-spacer-inner\"><\/div>\n\t\t<\/div>\n\t\t\t\t<\/div>\n\t\t\t\t<\/div>\n\t\t\t\t\t\t<\/div>\n\t\t\t\t\t<\/div>\n\t\t<\/div>\n\t\t\t\t\t\t\t\t<\/div>\n\t\t\t\t\t<\/div>\n\t\t<\/section>\n\t\t\t\t<section class=\"elementor-section elementor-top-section elementor-element elementor-element-3f8446e elementor-section-boxed elementor-section-height-default elementor-section-height-default sc_fly_static\" data-id=\"3f8446e\" data-element_type=\"section\">\n\t\t\t\t\t\t<div class=\"elementor-container elementor-column-gap-extended\">\n\t\t\t\t\t\t\t<div class=\"elementor-row\">\n\t\t\t\t\t<div class=\"elementor-column elementor-col-25 elementor-top-column elementor-element elementor-element-7111f68 sc_inner_width_none sc_content_align_inherit sc_layouts_column_icons_position_left sc_fly_static\" data-id=\"7111f68\" data-element_type=\"column\">\n\t\t\t<div class=\"elementor-column-wrap elementor-element-populated\">\n\t\t\t\t\t\t\t<div class=\"elementor-widget-wrap\">\n\t\t\t\t\t\t<div class=\"elementor-element elementor-element-b164d3d sc_fly_static elementor-widget elementor-widget-image\" data-id=\"b164d3d\" data-element_type=\"widget\" data-widget_type=\"image.default\">\n\t\t\t\t<div class=\"elementor-widget-container\">\n\t\t\t\t\t\t\t\t<div class=\"elementor-image\">\n\t\t\t\t\t\t\t\t\t<figure class=\"wp-caption\">\n\t\t\t\t\t\t\t\t\t\t<img loading=\"lazy\" decoding=\"async\" width=\"538\" height=\"335\" src=\"https:\/\/enkosis.com\/wp-content\/uploads\/2022\/09\/iP.jpg\" class=\"attachment-large size-large\" alt=\"\" srcset=\"https:\/\/enkosis.com\/wp-content\/uploads\/2022\/09\/iP.jpg 538w, https:\/\/enkosis.com\/wp-content\/uploads\/2022\/09\/iP-300x187.jpg 300w, https:\/\/enkosis.com\/wp-content\/uploads\/2022\/09\/iP-370x230.jpg 370w, https:\/\/enkosis.com\/wp-content\/uploads\/2022\/09\/iP-410x255.jpg 410w\" sizes=\"auto, (max-width: 600px) 100vw, 538px\" \/>\t\t\t\t\t\t\t\t\t\t\t<figcaption class=\"widget-image-caption wp-caption-text\">iP Serisi<\/figcaption>\n\t\t\t\t\t\t\t\t\t\t<\/figure>\n\t\t\t\t\t\t\t\t<\/div>\n\t\t\t\t\t\t<\/div>\n\t\t\t\t<\/div>\n\t\t\t\t\t\t<\/div>\n\t\t\t\t\t<\/div>\n\t\t<\/div>\n\t\t\t\t<div class=\"elementor-column elementor-col-25 elementor-top-column elementor-element elementor-element-99c41b7 sc_inner_width_none sc_content_align_inherit sc_layouts_column_icons_position_left sc_fly_static\" data-id=\"99c41b7\" data-element_type=\"column\">\n\t\t\t<div class=\"elementor-column-wrap elementor-element-populated\">\n\t\t\t\t\t\t\t<div class=\"elementor-widget-wrap\">\n\t\t\t\t\t\t<div class=\"elementor-element elementor-element-5512f90 sc_fly_static elementor-widget elementor-widget-image\" data-id=\"5512f90\" data-element_type=\"widget\" data-widget_type=\"image.default\">\n\t\t\t\t<div class=\"elementor-widget-container\">\n\t\t\t\t\t\t\t\t<div class=\"elementor-image\">\n\t\t\t\t\t\t\t\t\t<figure class=\"wp-caption\">\n\t\t\t\t\t\t\t\t\t\t<img loading=\"lazy\" decoding=\"async\" width=\"538\" height=\"335\" src=\"https:\/\/enkosis.com\/wp-content\/uploads\/2022\/09\/iE.jpg\" class=\"attachment-large size-large\" alt=\"\" srcset=\"https:\/\/enkosis.com\/wp-content\/uploads\/2022\/09\/iE.jpg 538w, https:\/\/enkosis.com\/wp-content\/uploads\/2022\/09\/iE-300x187.jpg 300w, https:\/\/enkosis.com\/wp-content\/uploads\/2022\/09\/iE-370x230.jpg 370w, https:\/\/enkosis.com\/wp-content\/uploads\/2022\/09\/iE-410x255.jpg 410w\" sizes=\"auto, (max-width: 600px) 100vw, 538px\" \/>\t\t\t\t\t\t\t\t\t\t\t<figcaption class=\"widget-image-caption wp-caption-text\">iE Serisi<\/figcaption>\n\t\t\t\t\t\t\t\t\t\t<\/figure>\n\t\t\t\t\t\t\t\t<\/div>\n\t\t\t\t\t\t<\/div>\n\t\t\t\t<\/div>\n\t\t\t\t\t\t<\/div>\n\t\t\t\t\t<\/div>\n\t\t<\/div>\n\t\t\t\t<div class=\"elementor-column elementor-col-25 elementor-top-column elementor-element elementor-element-443a45b sc_inner_width_none sc_content_align_inherit sc_layouts_column_icons_position_left sc_fly_static\" data-id=\"443a45b\" data-element_type=\"column\">\n\t\t\t<div class=\"elementor-column-wrap elementor-element-populated\">\n\t\t\t\t\t\t\t<div class=\"elementor-widget-wrap\">\n\t\t\t\t\t\t<div class=\"elementor-element elementor-element-e60d760 sc_fly_static elementor-widget elementor-widget-image\" data-id=\"e60d760\" data-element_type=\"widget\" data-widget_type=\"image.default\">\n\t\t\t\t<div class=\"elementor-widget-container\">\n\t\t\t\t\t\t\t\t<div class=\"elementor-image\">\n\t\t\t\t\t\t\t\t\t<figure class=\"wp-caption\">\n\t\t\t\t\t\t\t\t\t\t<img loading=\"lazy\" decoding=\"async\" width=\"538\" height=\"335\" src=\"https:\/\/enkosis.com\/wp-content\/uploads\/2022\/09\/XE.jpg\" class=\"attachment-large size-large\" alt=\"\" srcset=\"https:\/\/enkosis.com\/wp-content\/uploads\/2022\/09\/XE.jpg 538w, https:\/\/enkosis.com\/wp-content\/uploads\/2022\/09\/XE-300x187.jpg 300w, https:\/\/enkosis.com\/wp-content\/uploads\/2022\/09\/XE-370x230.jpg 370w, https:\/\/enkosis.com\/wp-content\/uploads\/2022\/09\/XE-410x255.jpg 410w\" sizes=\"auto, (max-width: 600px) 100vw, 538px\" \/>\t\t\t\t\t\t\t\t\t\t\t<figcaption class=\"widget-image-caption wp-caption-text\">XE Serisi<\/figcaption>\n\t\t\t\t\t\t\t\t\t\t<\/figure>\n\t\t\t\t\t\t\t\t<\/div>\n\t\t\t\t\t\t<\/div>\n\t\t\t\t<\/div>\n\t\t\t\t\t\t<\/div>\n\t\t\t\t\t<\/div>\n\t\t<\/div>\n\t\t\t\t<div class=\"elementor-column elementor-col-25 elementor-top-column elementor-element elementor-element-672534b sc_inner_width_none sc_content_align_inherit sc_layouts_column_icons_position_left sc_fly_static\" data-id=\"672534b\" data-element_type=\"column\">\n\t\t\t<div class=\"elementor-column-wrap elementor-element-populated\">\n\t\t\t\t\t\t\t<div class=\"elementor-widget-wrap\">\n\t\t\t\t\t\t<div class=\"elementor-element elementor-element-6605ae1 sc_fly_static elementor-widget elementor-widget-image\" data-id=\"6605ae1\" data-element_type=\"widget\" data-widget_type=\"image.default\">\n\t\t\t\t<div class=\"elementor-widget-container\">\n\t\t\t\t\t\t\t\t<div class=\"elementor-image\">\n\t\t\t\t\t\t\t\t\t<figure class=\"wp-caption\">\n\t\t\t\t\t\t\t\t\t\t<img loading=\"lazy\" decoding=\"async\" width=\"538\" height=\"335\" src=\"https:\/\/enkosis.com\/wp-content\/uploads\/2022\/09\/CMT_CMTX.jpg\" class=\"attachment-large size-large\" alt=\"\" srcset=\"https:\/\/enkosis.com\/wp-content\/uploads\/2022\/09\/CMT_CMTX.jpg 538w, https:\/\/enkosis.com\/wp-content\/uploads\/2022\/09\/CMT_CMTX-300x187.jpg 300w, https:\/\/enkosis.com\/wp-content\/uploads\/2022\/09\/CMT_CMTX-370x230.jpg 370w, https:\/\/enkosis.com\/wp-content\/uploads\/2022\/09\/CMT_CMTX-410x255.jpg 410w\" sizes=\"auto, (max-width: 600px) 100vw, 538px\" \/>\t\t\t\t\t\t\t\t\t\t\t<figcaption class=\"widget-image-caption wp-caption-text\">cMT\/X Serisi<\/figcaption>\n\t\t\t\t\t\t\t\t\t\t<\/figure>\n\t\t\t\t\t\t\t\t<\/div>\n\t\t\t\t\t\t<\/div>\n\t\t\t\t<\/div>\n\t\t\t\t\t\t<\/div>\n\t\t\t\t\t<\/div>\n\t\t<\/div>\n\t\t\t\t\t\t\t\t<\/div>\n\t\t\t\t\t<\/div>\n\t\t<\/section>\n\t\t\t\t<section class=\"elementor-section elementor-top-section elementor-element elementor-element-1313369 elementor-section-boxed elementor-section-height-default elementor-section-height-default sc_fly_static\" data-id=\"1313369\" data-element_type=\"section\">\n\t\t\t\t\t\t<div class=\"elementor-container elementor-column-gap-extended\">\n\t\t\t\t\t\t\t<div class=\"elementor-row\">\n\t\t\t\t\t<div class=\"elementor-column elementor-col-100 elementor-top-column elementor-element elementor-element-b882086 sc_inner_width_none sc_content_align_inherit sc_layouts_column_icons_position_left sc_fly_static\" data-id=\"b882086\" data-element_type=\"column\">\n\t\t\t<div class=\"elementor-column-wrap elementor-element-populated\">\n\t\t\t\t\t\t\t<div class=\"elementor-widget-wrap\">\n\t\t\t\t\t\t<div class=\"elementor-element elementor-element-934de2c sc_fly_static elementor-widget elementor-widget-spacer\" data-id=\"934de2c\" data-element_type=\"widget\" data-widget_type=\"spacer.default\">\n\t\t\t\t<div class=\"elementor-widget-container\">\n\t\t\t\t\t<div class=\"elementor-spacer\">\n\t\t\t<div class=\"elementor-spacer-inner\"><\/div>\n\t\t<\/div>\n\t\t\t\t<\/div>\n\t\t\t\t<\/div>\n\t\t\t\t\t\t<\/div>\n\t\t\t\t\t<\/div>\n\t\t<\/div>\n\t\t\t\t\t\t\t\t<\/div>\n\t\t\t\t\t<\/div>\n\t\t<\/section>\n\t\t\t\t<section class=\"elementor-section elementor-top-section elementor-element elementor-element-7d735981 elementor-section-boxed elementor-section-height-default elementor-section-height-default sc_fly_static\" data-id=\"7d735981\" data-element_type=\"section\">\n\t\t\t\t\t\t<div class=\"elementor-container elementor-column-gap-extended\">\n\t\t\t\t\t\t\t<div class=\"elementor-row\">\n\t\t\t\t\t<div class=\"elementor-column elementor-col-33 elementor-top-column elementor-element elementor-element-53a00728 sc_inner_width_none sc_content_align_inherit sc_layouts_column_icons_position_left sc_fly_static\" data-id=\"53a00728\" data-element_type=\"column\">\n\t\t\t<div class=\"elementor-column-wrap elementor-element-populated\">\n\t\t\t\t\t\t\t<div class=\"elementor-widget-wrap\">\n\t\t\t\t\t\t<div class=\"elementor-element elementor-element-5f72dd0f sc_fly_static elementor-widget elementor-widget-trx_sc_title\" data-id=\"5f72dd0f\" data-element_type=\"widget\" data-widget_type=\"trx_sc_title.default\">\n\t\t\t\t<div class=\"elementor-widget-container\">\n\t\t\t<div\t\tclass=\"sc_title sc_title_default\" ><h1 class=\"sc_item_title sc_title_title sc_item_title_style_default sc_item_title_tag\"\n\t\t\t><span class=\"sc_item_title_text\">Operat\u00f6r Panel (HMI) \u00c7e\u015fitleri<\/span><\/h1><\/div>\t\t<\/div>\n\t\t\t\t<\/div>\n\t\t\t\t\t\t<\/div>\n\t\t\t\t\t<\/div>\n\t\t<\/div>\n\t\t\t\t<div class=\"elementor-column elementor-col-33 elementor-top-column elementor-element elementor-element-4a8ac687 sc_inner_width_none sc_content_align_inherit sc_layouts_column_icons_position_left sc_fly_static\" data-id=\"4a8ac687\" data-element_type=\"column\">\n\t\t\t<div class=\"elementor-column-wrap elementor-element-populated\">\n\t\t\t\t\t\t\t<div class=\"elementor-widget-wrap\">\n\t\t\t\t\t\t<div class=\"elementor-element elementor-element-7a369c8c sc_fly_static elementor-widget elementor-widget-toggle\" data-id=\"7a369c8c\" data-element_type=\"widget\" data-widget_type=\"toggle.default\">\n\t\t\t\t<div class=\"elementor-widget-container\">\n\t\t\t\t\t<div class=\"elementor-toggle\" role=\"tablist\">\n\t\t\t\t\t\t\t<div class=\"elementor-toggle-item\">\n\t\t\t\t\t<h5 id=\"elementor-tab-title-2051\" class=\"elementor-tab-title\" data-tab=\"1\" role=\"tab\" aria-controls=\"elementor-tab-content-2051\" aria-expanded=\"false\">\n\t\t\t\t\t\t\t\t\t\t\t\t<span class=\"elementor-toggle-icon elementor-toggle-icon-right\" aria-hidden=\"true\">\n\t\t\t\t\t\t\t\t\t\t\t\t\t\t\t<span class=\"elementor-toggle-icon-closed\"><i class=\"fas fa-plus\"><\/i><\/span>\n\t\t\t\t\t\t\t\t<span class=\"elementor-toggle-icon-opened\"><i class=\"elementor-toggle-icon-opened fas fa-minus\"><\/i><\/span>\n\t\t\t\t\t\t\t\t\t\t\t\t\t<\/span>\n\t\t\t\t\t\t\t\t\t\t\t\t<a href=\"\" class=\"elementor-toggle-title\">iP Serisi<\/a>\n\t\t\t\t\t<\/h5>\n\n\t\t\t\t\t<div id=\"elementor-tab-content-2051\" class=\"elementor-tab-content elementor-clearfix\" data-tab=\"1\" role=\"tabpanel\" aria-labelledby=\"elementor-tab-title-2051\"><p><span title=\"\">Selefine k\u0131yasla daha iyi \u00e7al\u0131\u015fma deneyimi ile m\u00fckemmel performansa sahiptir.<\/span><br \/><span class=\"\" title=\"\">Weintek\u2019in kompakt HMI Serisi-iP, \u00e7e\u015fitli uygulamalar\u0131 tatmin etmek i\u00e7in her a\u00e7\u0131dan y\u00fckseltildi.<\/span><br \/><span title=\"\">Cortex A8 600MHz CPU ile donat\u0131lm\u0131\u015ft\u0131r.<\/span><br \/><span title=\"\">EB8000\u2019den EasyBuilder Pro\u2019ya sorunsuz bir \u015fekilde y\u00fckseltildi.<\/span><br \/><span class=\"\" title=\"\">Ak\u0131ll\u0131 telefonlarda yayg\u0131n olarak kullan\u0131lan Mikro USB kablosu kullan\u0131labilir.<\/span><\/p><p>\u00a0<\/p><p>SER\u0130YE A\u0130T MODELLER:<\/p><p>MT6051iP 4,3&#8221;<br \/>MT8051iP 4,3&#8221;<br \/>MT6071iP 7&#8221;<br \/>MT8071iP 7&#8221;<br \/>MT8102iP 10&#8221;<\/p><\/div>\n\t\t\t\t<\/div>\n\t\t\t\t\t\t\t<div class=\"elementor-toggle-item\">\n\t\t\t\t\t<h5 id=\"elementor-tab-title-2052\" class=\"elementor-tab-title\" data-tab=\"2\" role=\"tab\" aria-controls=\"elementor-tab-content-2052\" aria-expanded=\"false\">\n\t\t\t\t\t\t\t\t\t\t\t\t<span class=\"elementor-toggle-icon elementor-toggle-icon-right\" aria-hidden=\"true\">\n\t\t\t\t\t\t\t\t\t\t\t\t\t\t\t<span class=\"elementor-toggle-icon-closed\"><i class=\"fas fa-plus\"><\/i><\/span>\n\t\t\t\t\t\t\t\t<span class=\"elementor-toggle-icon-opened\"><i class=\"elementor-toggle-icon-opened fas fa-minus\"><\/i><\/span>\n\t\t\t\t\t\t\t\t\t\t\t\t\t<\/span>\n\t\t\t\t\t\t\t\t\t\t\t\t<a href=\"\" class=\"elementor-toggle-title\">iE Serisi<\/a>\n\t\t\t\t\t<\/h5>\n\n\t\t\t\t\t<div id=\"elementor-tab-content-2052\" class=\"elementor-tab-content elementor-clearfix\" data-tab=\"2\" role=\"tabpanel\" aria-labelledby=\"elementor-tab-title-2052\"><p>Ultra ince form fakt\u00f6r\u00fc ve yeni renk tasar\u0131m\u0131<\/p><p>PCB korozyona kar\u015f\u0131 koruma ve dahili izole edilmi\u015f RS-485.<\/p><p>G\u00fc\u00e7l\u00fc Cortex A8 600MHz CPU ile donat\u0131ld\u0131<\/p><p>13.8 SN BA\u015eLANGI\u00c7 S\u00dcRES\u0130<\/p><p>5.6SN \/ S 100 KEL\u0130ME PLC VER\u0130 HIZI<\/p><p>0.4 SN \/ S \/ 2MB \/ 10 SAYFA JPEG \u0130\u015eLEME<\/p><p>Zemin potansiyel fark\u0131 problemini etkin bir \u015fekilde \u00f6nlemek ve HMI\u2019nizi karma\u015f\u0131k topraklama ortamlar\u0131nda dayan\u0131labilir k\u0131lmak i\u00e7in Dahili izole RS-485<\/p><p>Neme dayan\u0131kl\u0131, toz ge\u00e7irmez ve herhangi birinde korozyon direnci sert ortamlara uygun PCB Kaplama Korumas\u0131<\/p><\/div>\n\t\t\t\t<\/div>\n\t\t\t\t\t\t\t<div class=\"elementor-toggle-item\">\n\t\t\t\t\t<h5 id=\"elementor-tab-title-2053\" class=\"elementor-tab-title\" data-tab=\"3\" role=\"tab\" aria-controls=\"elementor-tab-content-2053\" aria-expanded=\"false\">\n\t\t\t\t\t\t\t\t\t\t\t\t<span class=\"elementor-toggle-icon elementor-toggle-icon-right\" aria-hidden=\"true\">\n\t\t\t\t\t\t\t\t\t\t\t\t\t\t\t<span class=\"elementor-toggle-icon-closed\"><i class=\"fas fa-plus\"><\/i><\/span>\n\t\t\t\t\t\t\t\t<span class=\"elementor-toggle-icon-opened\"><i class=\"elementor-toggle-icon-opened fas fa-minus\"><\/i><\/span>\n\t\t\t\t\t\t\t\t\t\t\t\t\t<\/span>\n\t\t\t\t\t\t\t\t\t\t\t\t<a href=\"\" class=\"elementor-toggle-title\">XE Serisi<\/a>\n\t\t\t\t\t<\/h5>\n\n\t\t\t\t\t<div id=\"elementor-tab-content-2053\" class=\"elementor-tab-content elementor-clearfix\" data-tab=\"3\" role=\"tabpanel\" aria-labelledby=\"elementor-tab-title-2053\"><div class=\"flex_column av_one_half  flex_column_table_cell av-equal-height-column av-align-middle av-zero-column-padding first  avia-builder-el-7  el_before_av_one_half  avia-builder-el-first   \"><div class=\"av-special-heading av-special-heading-h2  blockquote modern-quote  avia-builder-el-8  el_before_av_textblock  avia-builder-el-first   av-inherit-size \"><p class=\"av-special-heading-tag \">Al\u00fcminyum ve plastik muhafaza se\u00e7enekleri:\u00a0<\/p><\/div><section class=\"av_textblock_section \"><div class=\"avia_textblock  \"><ul><li>Al\u00fcminyum muhafaza zarif g\u00f6r\u00fcnt\u00fcs\u00fcn\u00fc g\u00f6sterir.<\/li><li>Plastik muhafaza \u015f\u0131k g\u00fcm\u00fc\u015f y\u00fcz\u00fc ve aerodinamik \u015fekillendirici form fakt\u00f6r\u00fc estetik anlamda g\u00fczel g\u00f6sterir.<\/li><\/ul><\/div><\/section><div class=\"avia-image-container avia_animated_image avia_animate_when_almost_visible pop-up av-styling- avia-builder-el-11 el_after_av_hr avia-builder-el-last golgeli avia-align-center avia_start_animation avia_start_delayed_animation\"><div>\u00a0<\/div><div>Dalgalanmalara kar\u015f\u0131 dahili g\u00fc\u00e7 izolasyonu korumas\u0131, HMI\u2019nin g\u00fcvenilirli\u011fini sa\u011flar.<\/div><div>70\u00b0\u2019ye kadar geni\u015f g\u00f6r\u00fc\u015f a\u00e7\u0131s\u0131, HMI izlemeyi daha az k\u0131s\u0131tlar.<\/div><\/div><\/div><div>\u00a0<\/div><div>Farkl\u0131 bouyut se\u00e7enekleri:<\/div><ul><li>9.7 \u201c<\/li><li>12\u201d<\/li><li>15 \u201c<\/li><\/ul><p>Zemin potansiyel fark\u0131 problemini etkin bir \u015fekilde \u00f6nlemek ve HMI\u2019nizi karma\u015f\u0131k topraklama ortamlar\u0131nda dayan\u0131labilir k\u0131lmak i\u00e7in dahili izole RS-485.<\/p><p>Neme dayan\u0131kl\u0131, toz ge\u00e7irmez ve herhangi birinde korozyon direnci sert ortamlar i\u00e7in PCB kaplama korumas\u0131.<\/p><p>\u00a0<\/p><div class=\"flex_column av_one_half  flex_column_table_cell av-equal-height-column av-align-middle av-zero-column-padding first  avia-builder-el-48  el_before_av_one_half  avia-builder-el-first   \"><section class=\"av_textblock_section \"><div class=\"avia_textblock  \"><p>\u00d6ny\u00fckleme h\u0131z\u0131, JPEG dosya g\u00f6r\u00fcnt\u00fcleme h\u0131z\u0131 ve PLC veri okuma \/ yazma h\u0131z\u0131 gibi bir k\u0131yaslama kayd\u0131 ayarlay\u0131n. Ayr\u0131ca, y\u00fcksek ileti\u015fim h\u0131z\u0131 veritaban\u0131 operasyonlar\u0131n\u0131n verimlili\u011fini artt\u0131r\u0131r.<\/p><\/div><\/section><div class=\"avia-progress-bar-container avia_animate_when_almost_visible avia-builder-el-51 el_after_av_textblock avia-builder-el-last av-striped-bar av-animated-bar av-small-bar avia_start_animation\"><div class=\"avia-progress-bar theme-color-bar icon-bar-no\"><div class=\"progressbar-title-wrap\"><ul><li class=\"progressbar-title\">12 SN BA\u015eLANGI\u00c7 S\u00dcRES\u0130<\/li><li class=\"progressbar-title\">5.4SN \/ S 100 KEL\u0130ME PLC VER\u0130 HIZI<\/li><li class=\"progressbar-title\">0.4 SN \/ S \/ 2MB \/ 10 SAYFA JPEG \u0130\u015eLEME<\/li><\/ul><p>\u00a0<\/p><\/div><\/div><\/div><\/div><\/div>\n\t\t\t\t<\/div>\n\t\t\t\t\t\t\t<div class=\"elementor-toggle-item\">\n\t\t\t\t\t<h5 id=\"elementor-tab-title-2054\" class=\"elementor-tab-title\" data-tab=\"4\" role=\"tab\" aria-controls=\"elementor-tab-content-2054\" aria-expanded=\"false\">\n\t\t\t\t\t\t\t\t\t\t\t\t<span class=\"elementor-toggle-icon elementor-toggle-icon-right\" aria-hidden=\"true\">\n\t\t\t\t\t\t\t\t\t\t\t\t\t\t\t<span class=\"elementor-toggle-icon-closed\"><i class=\"fas fa-plus\"><\/i><\/span>\n\t\t\t\t\t\t\t\t<span class=\"elementor-toggle-icon-opened\"><i class=\"elementor-toggle-icon-opened fas fa-minus\"><\/i><\/span>\n\t\t\t\t\t\t\t\t\t\t\t\t\t<\/span>\n\t\t\t\t\t\t\t\t\t\t\t\t<a href=\"\" class=\"elementor-toggle-title\">cMT\/X Serisi<\/a>\n\t\t\t\t\t<\/h5>\n\n\t\t\t\t\t<div id=\"elementor-tab-content-2054\" class=\"elementor-tab-content elementor-clearfix\" data-tab=\"4\" role=\"tabpanel\" aria-labelledby=\"elementor-tab-title-2054\"><div class=\"av-special-heading av-special-heading-h2  blockquote modern-quote  avia-builder-el-8  el_before_av_textblock  avia-builder-el-first   av-thin-font av-inherit-size \"><div class=\"av-special-heading av-special-heading-h2  blockquote modern-quote  avia-builder-el-14  el_before_av_textblock  avia-builder-el-first   av-inherit-size \"><p class=\"av-special-heading-tag \">Kablosuz eri\u015fim:<\/p><\/div><section class=\"av_textblock_section \"><div class=\"avia_textblock  \"><p>iPad veya Android tabletler gibi kablosuz tabletler, yaln\u0131zca m\u00fckemmel bir performans ve g\u00f6r\u00fcn\u00fcrl\u00fck sunmakla kalmaz, ayn\u0131 zamanda operat\u00f6rlerin fabrika taban\u0131n\u0131n herhangi bir yerindeki makinelerin operasyonel durumunu uzaktan izlemelerini sa\u011flar.<\/p><p>\u00a0<\/p><div class=\"av-special-heading av-special-heading-h2  blockquote modern-quote  avia-builder-el-20  el_before_av_textblock  avia-builder-el-first   av-inherit-size \"><p class=\"av-special-heading-tag \">Uzaktan eri\u015fim:<\/p><\/div><section class=\"av_textblock_section \"><div class=\"avia_textblock  \"><p>Operat\u00f6rler, uzaktan eri\u015fim teknolojisiyle makinenin operasyonel durumunu \u015fantiye sunmadan uzaktan te\u015fhis edebilir.<\/p><p>\u00a0<\/p><div class=\"av-special-heading av-special-heading-h2  blockquote modern-quote  avia-builder-el-26  el_before_av_textblock  avia-builder-el-first   av-inherit-size \"><p class=\"av-special-heading-tag \">Modbus haberle\u015fme a\u011f ge\u00e7idi:<\/p><\/div><section class=\"av_textblock_section \"><div class=\"avia_textblock  \"><p>End\u00fcstriyel otomasyon uygulamalar\u0131nda, Modbus en yayg\u0131n olarak kullan\u0131lan ileti\u015fim protokol\u00fcd\u00fcr ve \u00e7o\u011fu SCADA sistemi bu protokol\u00fc desteklemektedir. SCADA sistemi Modbus ile internette seri cihazlarla kolayca ileti\u015fim kurabilir.<\/p><p>\u00a0<\/p><div class=\"av-special-heading av-special-heading-h2  blockquote modern-quote  avia-builder-el-32  el_before_av_textblock  avia-builder-el-first   av-inherit-size \"><p class=\"av-special-heading-tag \">Birden fazla platform deste\u011fi:<\/p><\/div><section class=\"av_textblock_section \"><div class=\"avia_textblock  \"><p>CMT-SVR, en \u00f6nemli \u00f6zellikleri sa\u011flar: ileti\u015fim s\u00fcr\u00fcc\u00fcs\u00fc deste\u011fi ve veri s\u00fcreci, cMT-SVR\u2019nin makinelere kolayca eri\u015fmesini ve verilere eri\u015fmesini sa\u011flar. CMT-SVR \u2013 cMT Viewer\u2019\u0131n g\u00f6rsel aray\u00fcz\u00fc, iPad, Android tabletler (ARM veya x86), Panel PC (Windows OS) ve cMT-iV5 gibi farkl\u0131 platform ayg\u0131tlar\u0131nda \u00e7al\u0131\u015fabilir.<\/p><\/div><\/section><\/div><\/section><\/div><\/section><\/div><\/section><\/div><\/div>\n\t\t\t\t<\/div>\n\t\t\t\t\t\t\t\t<\/div>\n\t\t\t\t<\/div>\n\t\t\t\t<\/div>\n\t\t\t\t\t\t<\/div>\n\t\t\t\t\t<\/div>\n\t\t<\/div>\n\t\t\t\t<div class=\"elementor-column elementor-col-33 elementor-top-column elementor-element elementor-element-38cf90b8 sc_inner_width_none sc_content_align_inherit sc_layouts_column_icons_position_left sc_fly_static\" data-id=\"38cf90b8\" data-element_type=\"column\">\n\t\t\t<div class=\"elementor-column-wrap\">\n\t\t\t\t\t\t\t<div class=\"elementor-widget-wrap\">\n\t\t\t\t\t\t\t\t<\/div>\n\t\t\t\t\t<\/div>\n\t\t<\/div>\n\t\t\t\t\t\t\t\t<\/div>\n\t\t\t\t\t<\/div>\n\t\t<\/section>\n\t\t\t\t<section class=\"elementor-section elementor-top-section elementor-element elementor-element-d08b105 elementor-section-boxed elementor-section-height-default elementor-section-height-default sc_fly_static\" data-id=\"d08b105\" data-element_type=\"section\">\n\t\t\t\t\t\t<div class=\"elementor-container elementor-column-gap-extended\">\n\t\t\t\t\t\t\t<div class=\"elementor-row\">\n\t\t\t\t\t<div class=\"elementor-column elementor-col-100 elementor-top-column elementor-element elementor-element-230f746 sc_inner_width_none sc_content_align_inherit sc_layouts_column_icons_position_left sc_fly_static\" data-id=\"230f746\" data-element_type=\"column\">\n\t\t\t<div class=\"elementor-column-wrap elementor-element-populated\">\n\t\t\t\t\t\t\t<div class=\"elementor-widget-wrap\">\n\t\t\t\t\t\t<div class=\"elementor-element elementor-element-b8046c9 sc_fly_static elementor-widget elementor-widget-spacer\" data-id=\"b8046c9\" data-element_type=\"widget\" data-widget_type=\"spacer.default\">\n\t\t\t\t<div class=\"elementor-widget-container\">\n\t\t\t\t\t<div class=\"elementor-spacer\">\n\t\t\t<div class=\"elementor-spacer-inner\"><\/div>\n\t\t<\/div>\n\t\t\t\t<\/div>\n\t\t\t\t<\/div>\n\t\t\t\t\t\t<\/div>\n\t\t\t\t\t<\/div>\n\t\t<\/div>\n\t\t\t\t\t\t\t\t<\/div>\n\t\t\t\t\t<\/div>\n\t\t<\/section>\n\t\t\t\t\t\t\t\t\t<\/div>\n\t\t\t<\/div>\n\t\t\t\t\t<\/div>\n\t\t","protected":false},"excerpt":{"rendered":"<p>iP Serisi iE Serisi XE Serisi cMT\/X Serisi Operat\u00f6r Panel (HMI) \u00c7e\u015fitleri iP Serisi Selefine k\u0131yasla daha iyi \u00e7al\u0131\u015fma deneyimi ile m\u00fckemmel performansa sahiptir.Weintek\u2019in kompakt HMI Serisi-iP, \u00e7e\u015fitli uygulamalar\u0131 tatmin&hellip;<\/p>\n","protected":false},"author":1,"featured_media":0,"parent":0,"menu_order":0,"comment_status":"closed","ping_status":"closed","template":"","meta":{"footnotes":""},"class_list":["post-19473","page","type-page","status-publish","hentry"],"_links":{"self":[{"href":"https:\/\/enkosis.com\/index.php?rest_route=\/wp\/v2\/pages\/19473","targetHints":{"allow":["GET"]}}],"collection":[{"href":"https:\/\/enkosis.com\/index.php?rest_route=\/wp\/v2\/pages"}],"about":[{"href":"https:\/\/enkosis.com\/index.php?rest_route=\/wp\/v2\/types\/page"}],"author":[{"embeddable":true,"href":"https:\/\/enkosis.com\/index.php?rest_route=\/wp\/v2\/users\/1"}],"replies":[{"embeddable":true,"href":"https:\/\/enkosis.com\/index.php?rest_route=%2Fwp%2Fv2%2Fcomments&post=19473"}],"version-history":[{"count":10,"href":"https:\/\/enkosis.com\/index.php?rest_route=\/wp\/v2\/pages\/19473\/revisions"}],"predecessor-version":[{"id":19507,"href":"https:\/\/enkosis.com\/index.php?rest_route=\/wp\/v2\/pages\/19473\/revisions\/19507"}],"wp:attachment":[{"href":"https:\/\/enkosis.com\/index.php?rest_route=%2Fwp%2Fv2%2Fmedia&parent=19473"}],"curies":[{"name":"wp","href":"https:\/\/api.w.org\/{rel}","templated":true}]}}